{"id":251,"date":"2024-01-26T13:32:04","date_gmt":"2024-01-26T13:32:04","guid":{"rendered":"https:\/\/creoq.com\/a-propos-de-nous\/"},"modified":"2025-11-03T15:22:28","modified_gmt":"2025-11-03T15:22:28","slug":"a-propos-de-nous","status":"publish","type":"page","link":"https:\/\/creoq.com\/fr\/","title":{"rendered":"A propos de nous"},"content":{"rendered":"<section class=\"wpb-content-wrapper\"><p>[vc_row css_animation=&#8221;&#8221; row_type=&#8221;row&#8221; use_row_as_full_screen_section=&#8221;no&#8221; type=&#8221;grid&#8221; angled_section=&#8221;no&#8221; text_align=&#8221;left&#8221; background_image_as_pattern=&#8221;without_pattern&#8221; z_index=&#8221;&#8221;][vc_column width=&#8221;1\/2&#8243;]<div class=\"new-video\">\n        <a href=\"https:\/\/www.youtube.com\/watch?v=E0qLPb3oD3U\" id=\"vid-457\"><img decoding=\"async\" src=\"https:\/\/creoq.com\/wp-content\/uploads\/2024\/05\/DSCF0652-Edit.jpg\"><div class=\"caption-wrap\"><h5>Cheminement de la visite chez CREOQ<\/h5>1:02<svg version=\"1.1\" id=\"play\" xmlns=\"http:\/\/www.w3.org\/2000\/svg\" xmlns:xlink=\"http:\/\/www.w3.org\/1999\/xlink\" x=\"0px\" y=\"0px\" height=\"100px\" width=\"100px\" viewBox=\"0 0 100 100\" enable-background=\"new 0 0 100 100\" xml:space=\"preserve\">\n        <path class=\"stroke-solid\" fill=\"none\" stroke=\"#ddbe72\" d=\"M49.9,2.5C23.6,2.8,2.1,24.4,2.5,50.4C2.9,76.5,24.7,98,50.3,97.5c26.4-0.6,47.4-21.8,47.2-47.7\n          C97.3,23.7,75.7,2.3,49.9,2.5\"><\/path>\n        <path class=\"icon\" fill=\"#ddbe72\" d=\"M38,69c-1,0.5-1.8,0-1.8-1.1V32.1c0-1.1,0.8-1.6,1.8-1.1l34,18c1,0.5,1,1.4,0,1.9L38,69z\"><\/path>\n      <\/svg><\/div><\/a><\/div>    <script>\n       \/\/ console.log(\"youtube\");\n        const $vid457 = document.getElementById(\"vid-457\");\n        const dynamicGallery457 = window.lightGallery($vid457, {\n        dynamic: true,\n        mobileSettings: \t{ controls: false, showCloseIcon: true, download: false } ,\n        zoom: false,\n        download: false,\n        share: false,\n        plugins: [lgVideo, lgThumbnail],\n        dynamicEl: [\n            {\n       src: \"https:\/\/www.youtube.com\/watch?v=E0qLPb3oD3U&mute=0\",\n        poster: \"https:\/\/creoq.com\/wp-content\/uploads\/2024\/05\/DSCF0652-Edit.jpg\",\n        subHtml: \"<h4>Cheminement de la visite chez CREOQ<\/h4><p>1:02<\/p>\",\n        downloadUrl: false\n        },\n\n            ]\n    });\n    $vid457.addEventListener(\"click\", (e) => {\n        event.preventDefault();\n    dynamicGallery457.openGallery(0);\n    });\n  <\/script>\n  [vc_empty_space][vc_single_image image=&#8221;558&#8243; img_size=&#8221;medium&#8221; alignment=&#8221;center&#8221; qode_css_animation=&#8221;&#8221; el_class=&#8221;no-shadow&#8221;][vc_empty_space][vc_column_text]Le Centre de Reconstruction Esth\u00e9tique et Orthop\u00e9dique du Qu\u00e9bec (CREOQ) est fier d\u2019annoncer qu\u2019il a re\u00e7u le statut \u201cAgr\u00e9\u00e9 avec mention d\u2019honneur\u201d d\u2019Agr\u00e9ment Canada, le plus haut niveau d\u2019agr\u00e9ment possible. Cette prestigieuse reconnaissance d\u00e9montre notre engagement in\u00e9branlable \u00e0 fournir des services de sant\u00e9 exceptionnels et \u00e0 maintenir les plus hauts standards de qualit\u00e9 et de s\u00e9curit\u00e9.[\/vc_column_text][\/vc_column][vc_column width=&#8221;1\/2&#8243;][vc_single_image image=&#8221;228&#8243; img_size=&#8221;full&#8221; qode_css_animation=&#8221;&#8221; el_class=&#8221;borderno&#8221;][vc_column_text]<\/p>\n<h3>CENTRE DE RECONSTRUCTION ESTH\u00c9TIQUE ET ORTHOP\u00c9DIQUE DU QU\u00c9BEC<\/h3>\n<p>Bienvenue au Centre de Reconstruction Esth\u00e9tique et Orthop\u00e9dique du Qu\u00e9bec. Nous sommes un centre d\u2019excellence sp\u00e9cialis\u00e9 dans les proc\u00e9dures orthop\u00e9diques et plastiques. Nous proposons des traitements avanc\u00e9s aux patientes n\u00e9cessitant des proc\u00e9dures de reconstruction mammaire ainsi qu\u2019aux patientes orthop\u00e9diques souffrant de troubles musculo-squelettiques des \u00e9paules, des hanches, des genoux, des chevilles et des pieds.<\/p>\n<p>Nos chirurgiens sont hautement sp\u00e9cialis\u00e9s dans les techniques les plus avanc\u00e9es et reconnues pour les interventions orthop\u00e9diques complexes des membres sup\u00e9rieurs et inf\u00e9rieurs, y compris l\u2019arthroplastie et le sport. Avec notre \u00e9quipe de chirurgiens exp\u00e9riment\u00e9s et notre technologie de pointe, nous nous engageons \u00e0 restaurer votre mobilit\u00e9 et \u00e0 am\u00e9liorer votre qualit\u00e9 de vie. Nous offrons aux patients une exp\u00e9rience cl\u00e9 en main pour minimiser le stress et maximiser la gu\u00e9rison. Faites confiance \u00e0 notre expertise pour vous guider sur le chemin de la gu\u00e9rison et du bien-\u00eatre. Votre sant\u00e9 est notre priorit\u00e9!<\/p>\n<p>Fond\u00e9e en 2021, CREOQ est inspir\u00e9e de la vision de ses fondateurs, les s\u0153urs jumelles, Dre Perry Gdalevitch, chirurgienne plasticienne de renomm\u00e9e et Dre Marie Gdalevitch, chirurgienne orthop\u00e9dique sp\u00e9cialis\u00e9e.<\/p>\n<p>La cr\u00e9ation de cette clinique exceptionnelle repose sur leurs convictions profondes que le fait d\u2019avoir deux chirurgiens hautement qualifi\u00e9s dirigeant un centre chirurgical sp\u00e9cialis\u00e9 garantit le plus haut niveau de qualit\u00e9 et de s\u00e9curit\u00e9 dans les proc\u00e9dures chirurgicales.[\/vc_column_text][\/vc_column][\/vc_row][vc_row css_animation=&#8221;&#8221; column_reverse_sm=&#8221;1&#8243; row_type=&#8221;row&#8221; use_row_as_full_screen_section=&#8221;no&#8221; type=&#8221;grid&#8221; angled_section=&#8221;no&#8221; text_align=&#8221;left&#8221; background_image_as_pattern=&#8221;without_pattern&#8221; z_index=&#8221;&#8221;][vc_column width=&#8221;1\/2&#8243;][vc_column_text]<\/p>\n<h2>CENTRE D\u2019EXCELLENCE ET DE S\u00c9CURIT\u00c9<\/h2>\n<p>Offrant une synergie remarquable, les s\u0153urs Gdalevitch aspirent \u00e0 offrir un environnement o\u00f9 les patients peuvent entreprendre leur cheminement m\u00e9dical avec optimisme, \u00e9tant pr\u00eats \u00e0 vivre une exp\u00e9rience paisible et harmonieuse.<\/p>\n<p>Conjointement, elles ont eu comme but d\u2019\u00e9tablir une infrastructure de techniques et de chirurgies de pointe permettant \u00e0 leur personnel et leurs chirurgiens de pratiquer des chirurgies orthop\u00e9diques et plastiques ainsi que d\u2019autres sp\u00e9cialit\u00e9s chirurgicales dans le cadre d\u2019un environnement d\u00e9di\u00e9 \u00e0 l\u2019excellence et \u00e0 la s\u00e9curit\u00e9.[\/vc_column_text][\/vc_column][vc_column width=&#8221;1\/2&#8243;]<div class=\"new-video\">\n        <a href=\"https:\/\/creoq.com\/wp-content\/uploads\/2024\/05\/1532_04_CREOQ_16x9_46s-Presentation-du-CREOQ-par-le-Dre-Gdalevitch_H.264.mp4\" id=\"vid-476\"><img decoding=\"async\" src=\"https:\/\/creoq.com\/wp-content\/uploads\/2024\/05\/1532_03_CREOQ_16x9_47s-CREOQ-Presentation-by-Dr-Gdalevitch_H.264-1.jpg\"><div class=\"caption-wrap\"><h5>Pr\u00e9sentation du CREOQ par le Dre Gdalevitch<\/h5>0:46<svg version=\"1.1\" id=\"play\" xmlns=\"http:\/\/www.w3.org\/2000\/svg\" xmlns:xlink=\"http:\/\/www.w3.org\/1999\/xlink\" x=\"0px\" y=\"0px\" height=\"100px\" width=\"100px\" viewBox=\"0 0 100 100\" enable-background=\"new 0 0 100 100\" xml:space=\"preserve\">\n        <path class=\"stroke-solid\" fill=\"none\" stroke=\"#ddbe72\" d=\"M49.9,2.5C23.6,2.8,2.1,24.4,2.5,50.4C2.9,76.5,24.7,98,50.3,97.5c26.4-0.6,47.4-21.8,47.2-47.7\n          C97.3,23.7,75.7,2.3,49.9,2.5\"><\/path>\n        <path class=\"icon\" fill=\"#ddbe72\" d=\"M38,69c-1,0.5-1.8,0-1.8-1.1V32.1c0-1.1,0.8-1.6,1.8-1.1l34,18c1,0.5,1,1.4,0,1.9L38,69z\"><\/path>\n      <\/svg><\/div><\/a><\/div>    <script>\n       \/\/ console.log(\"mp4\");\n        const $vid476 = document.getElementById(\"vid-476\");\n        const dynamicGallery476 = window.lightGallery($vid476, {\n        dynamic: true,\n        mobileSettings: \t{ controls: false, showCloseIcon: true, download: false } ,\n        zoom: false,\n        download: false,\n        share: false,\n        plugins: [lgVideo, lgThumbnail],\n        dynamicEl: [\n            {\n        video: {\n            \"source\": [{\n                \"src\": \"https:\/\/creoq.com\/wp-content\/uploads\/2024\/05\/1532_04_CREOQ_16x9_46s-Presentation-du-CREOQ-par-le-Dre-Gdalevitch_H.264.mp4\",\n                \"type\": \"video\/mp4\"\n            }],\n            \"attributes\": {\n                \"preload\": false,\n                \"controls\": true\n            }\n        },\n    \n        subHtml: \"<h4>Pr\u00e9sentation du CREOQ par le Dre Gdalevitch<\/h4><p>0:46<\/p>\",\n        downloadUrl: false\n        },\n        ]\n    });\n    $vid476.addEventListener(\"click\", (e) => {\n        event.preventDefault();\n    dynamicGallery476.openGallery(0);\n    });\n  <\/script>\n  [\/vc_column][\/vc_row][vc_row css_animation=&#8221;&#8221; row_type=&#8221;row&#8221; use_row_as_full_screen_section=&#8221;no&#8221; type=&#8221;grid&#8221; angled_section=&#8221;no&#8221; text_align=&#8221;left&#8221; background_image_as_pattern=&#8221;without_pattern&#8221; z_index=&#8221;&#8221; el_id=&#8221;core&#8221;][vc_column][vc_column_text]<\/p>\n<h2 style=\"text-align: center;\">NOS VALEURS FONDAMENTALES<\/h2>\n<p style=\"text-align: center;\">\u00c0 CREOQ, nous nous engageons \u00e0 offrir les meilleurs soins, gr\u00e2ce \u00e0 nos trois valeurs fondamentales.<\/p>\n<p>[\/vc_column_text][vc_row_inner row_type=&#8221;row&#8221; type=&#8221;full_width&#8221; text_align=&#8221;left&#8221; css_animation=&#8221;&#8221;][vc_column_inner width=&#8221;1\/3&#8243;][vc_column_text]<\/p>\n<h3>L&#8217;EMPATHIE :<\/h3>\n<p>Nous offrons une compassion chaleureuse non seulement \u00e0 nos patients mais aussi \u00e0 leurs familles, reconnaissant l\u2019impact que les cheminements m\u00e9dicaux peuvent avoir sur leurs proches.[\/vc_column_text][\/vc_column_inner][vc_column_inner width=&#8221;1\/3&#8243;][vc_column_text]<\/p>\n<h3>L\u2019EXPERTISE :<\/h3>\n<p>Nous sommes d\u00e9vou\u00e9s \u00e0 offrir des services d\u2019une \u00e9quipe chirurgicale hautement qualifi\u00e9e et des chirurgies de renomm\u00e9e.[\/vc_column_text][\/vc_column_inner][vc_column_inner width=&#8221;1\/3&#8243;][vc_column_text]<\/p>\n<h3>L\u2019EXCELLENCE :<\/h3>\n<p>Nous sommes constamment \u00e0 la recherche de l\u2019excellence dans toutes les facettes de notre pratique. Les r\u00e9sultats obtenus ainsi que le rendement exceptionnel de notre \u00e9quipe et de nos chirurgiens sont r\u00e9alis\u00e9s sur une base r\u00e9guli\u00e8re. Notre recherche assidue de l\u2019excellence est un t\u00e9moignage \u00e0 notre engagement pour am\u00e9liorer les normes de soins chirurgicaux.[\/vc_column_text][\/vc_column_inner][\/vc_row_inner][\/vc_column][\/vc_row][vc_row css_animation=&#8221;&#8221; column_reverse_sm=&#8221;1&#8243; row_type=&#8221;row&#8221; use_row_as_full_screen_section=&#8221;no&#8221; type=&#8221;grid&#8221; angled_section=&#8221;no&#8221; text_align=&#8221;left&#8221; background_image_as_pattern=&#8221;without_pattern&#8221; z_index=&#8221;&#8221;][vc_column width=&#8221;1\/2&#8243;][vc_column_text]<\/p>\n<h2>NOS SERVICES<\/h2>\n<p>Nous offrons une gamme compl\u00e8te de services adapt\u00e9s aux besoins des professionnels de la sant\u00e9, afin d&#8217;assurer une coordination harmonieuse des interventions chirurgicales pr\u00e9vues. Nous proposons notamment la location de salles d&#8217;op\u00e9ration ainsi que des soins pr\u00e9 et postop\u00e9ratoires complets, con\u00e7us pour soutenir les patients tout au long de leur parcours chirurgical.[\/vc_column_text]<div style=\"text-align:left\"><a href=\"https:\/\/creoq.com\/fr\/services-aux-chirurgiens\/\" class=\"button button--bestia anim-single anim-up\" target=\"_self\"><div class=\"button__bg\"><\/div><span>EN SAVOIR PLUS<\/span><\/a><\/div>[\/vc_column][vc_column width=&#8221;1\/2&#8243;][vc_single_image image=&#8221;24&#8243; img_size=&#8221;full&#8221; alignment=&#8221;center&#8221; qode_css_animation=&#8221;&#8221;][\/vc_column][\/vc_row][vc_row css_animation=&#8221;&#8221; row_type=&#8221;row&#8221; use_row_as_full_screen_section=&#8221;no&#8221; type=&#8221;grid&#8221; angled_section=&#8221;no&#8221; text_align=&#8221;left&#8221; background_image_as_pattern=&#8221;without_pattern&#8221; z_index=&#8221;&#8221;][vc_column width=&#8221;1\/2&#8243;]<div class=\"new-video\">\n        <a href=\"https:\/\/creoq.com\/wp-content\/uploads\/2024\/05\/1532_02_CREOQ_16x9_1m28s_2-Our-Facilities-at-CREOQ_H.264.mp4\" id=\"vid-479\"><img decoding=\"async\" src=\"https:\/\/creoq.com\/wp-content\/uploads\/2024\/05\/1532_02_CREOQ_16x9_1m28s_2-Our-Facilities-at-CREOQ_H.264.jpg\"><div class=\"caption-wrap\"><h5>Nos installations au CREOQ<\/h5>1:19<svg version=\"1.1\" id=\"play\" xmlns=\"http:\/\/www.w3.org\/2000\/svg\" xmlns:xlink=\"http:\/\/www.w3.org\/1999\/xlink\" x=\"0px\" y=\"0px\" height=\"100px\" width=\"100px\" viewBox=\"0 0 100 100\" enable-background=\"new 0 0 100 100\" xml:space=\"preserve\">\n        <path class=\"stroke-solid\" fill=\"none\" stroke=\"#ddbe72\" d=\"M49.9,2.5C23.6,2.8,2.1,24.4,2.5,50.4C2.9,76.5,24.7,98,50.3,97.5c26.4-0.6,47.4-21.8,47.2-47.7\n          C97.3,23.7,75.7,2.3,49.9,2.5\"><\/path>\n        <path class=\"icon\" fill=\"#ddbe72\" d=\"M38,69c-1,0.5-1.8,0-1.8-1.1V32.1c0-1.1,0.8-1.6,1.8-1.1l34,18c1,0.5,1,1.4,0,1.9L38,69z\"><\/path>\n      <\/svg><\/div><\/a><\/div>    <script>\n       \/\/ console.log(\"mp4\");\n        const $vid479 = document.getElementById(\"vid-479\");\n        const dynamicGallery479 = window.lightGallery($vid479, {\n        dynamic: true,\n        mobileSettings: \t{ controls: false, showCloseIcon: true, download: false } ,\n        zoom: false,\n        download: false,\n        share: false,\n        plugins: [lgVideo, lgThumbnail],\n        dynamicEl: [\n            {\n        video: {\n            \"source\": [{\n                \"src\": \"https:\/\/creoq.com\/wp-content\/uploads\/2024\/05\/1532_02_CREOQ_16x9_1m28s_2-Our-Facilities-at-CREOQ_H.264.mp4\",\n                \"type\": \"video\/mp4\"\n            }],\n            \"attributes\": {\n                \"preload\": false,\n                \"controls\": true\n            }\n        },\n    \n        subHtml: \"<h4>Nos installations au CREOQ<\/h4><p>1:19<\/p>\",\n        downloadUrl: false\n        },\n        ]\n    });\n    $vid479.addEventListener(\"click\", (e) => {\n        event.preventDefault();\n    dynamicGallery479.openGallery(0);\n    });\n  <\/script>\n  [\/vc_column][vc_column width=&#8221;1\/2&#8243;][vc_column_text]<\/p>\n<h2>NOS INSTALLATIONS<\/h2>\n<p>Soucieux d\u2019obtenir les meilleurs r\u00e9sultats, nous sommes fiers d\u2019offrir une technologie et des techniques de pointe pour les chirurgies orthop\u00e9diques et plastiques ainsi que et toutes les autres sp\u00e9cialit\u00e9s chirurgicales. Nos installations sont \u00e9quip\u00e9es des derni\u00e8res avanc\u00e9es, ce qui permet \u00e0 nos chirurgiens hautement qualifi\u00e9s de vous offrir les traitements les plus efficaces et les plus innovants qui soient. [\/vc_column_text]<div style=\"text-align:left\"><a href=\"https:\/\/creoq.com\/fr\/services-chirurgicaux\/\" class=\"button button--bestia anim-single anim-up\" target=\"_self\"><div class=\"button__bg\"><\/div><span>EN SAVOIR PLUS<\/span><\/a><\/div>[\/vc_column][\/vc_row][vc_row css_animation=&#8221;&#8221; row_type=&#8221;row&#8221; use_row_as_full_screen_section=&#8221;no&#8221; type=&#8221;grid&#8221; angled_section=&#8221;no&#8221; text_align=&#8221;left&#8221; background_image_as_pattern=&#8221;without_pattern&#8221; z_index=&#8221;&#8221; el_id=&#8221;websites&#8221;][vc_column][vc_column_text]<\/p>\n<h2>NOTRE SP\u00c9CIALISATION<\/h2>\n<p>[\/vc_column_text][\/vc_column][vc_column width=&#8221;1\/2&#8243;][vc_single_image image=&#8221;349&#8243; img_size=&#8221;full&#8221; alignment=&#8221;center&#8221; onclick=&#8221;custom_link&#8221; qode_css_animation=&#8221;&#8221; link=&#8221;https:\/\/creoq.com\/fr\/our-specialization\/#plastic&#8221;][vc_column_text]<\/p>\n<h4 style=\"text-align: center;\"><a href=\"https:\/\/creoq.com\/fr\/services-chirurgicaux\/#plastic\">CHIRURGIE ESTH\u00c9TIQUE<\/a><\/h4>\n<p>[\/vc_column_text][\/vc_column][vc_column width=&#8221;1\/2&#8243;][vc_single_image image=&#8221;353&#8243; img_size=&#8221;full&#8221; alignment=&#8221;center&#8221; onclick=&#8221;custom_link&#8221; qode_css_animation=&#8221;&#8221; link=&#8221;https:\/\/creoq.com\/fr\/our-specialization\/#ortho&#8221;][vc_column_text]<\/p>\n<h4><a href=\"https:\/\/creoq.com\/fr\/services-chirurgicaux\/#ortho\"> CHIRURGIE ORTHOP\u00c9DIQUE<\/a><\/h4>\n<p>[\/vc_column_text][\/vc_column][\/vc_row][vc_row css_animation=&#8221;&#8221; row_type=&#8221;row&#8221; use_row_as_full_screen_section=&#8221;no&#8221; type=&#8221;grid&#8221; angled_section=&#8221;no&#8221; text_align=&#8221;left&#8221; background_image_as_pattern=&#8221;without_pattern&#8221; z_index=&#8221;&#8221; el_class=&#8221;centered&#8221;][vc_column][vc_column_text]<\/p>\n<h2 style=\"text-align: center;\">AUTRES SP\u00c9CIALIT\u00c9S CHIRURGICALES<\/h2>\n<ul class=\"checkmarks cols-3\">\n<li>Chirurgie g\u00e9n\u00e9rale<\/li>\n<li>ORL<\/li>\n<li>Chirurgie maxillo-faciale<\/li>\n<\/ul>\n<p>[\/vc_column_text][\/vc_column][\/vc_row][vc_row css_animation=&#8221;&#8221; row_type=&#8221;row&#8221; use_row_as_full_screen_section=&#8221;no&#8221; type=&#8221;full_width&#8221; angled_section=&#8221;no&#8221; text_align=&#8221;left&#8221; background_image_as_pattern=&#8221;without_pattern&#8221; el_class=&#8221;global&#8221; z_index=&#8221;&#8221;][vc_column][vc_row css_animation=\"\" row_type=\"row\" use_row_as_full_screen_section=\"no\" type=\"grid\" angled_section=\"no\" text_align=\"left\" background_image_as_pattern=\"without_pattern\" z_index=\"\" el_id=\"get\"][vc_column][vc_column_text]\r\n<h2>CONTACT<\/h2>\r\nVous pouvez nous rejoindre par t\u00e9l\u00e9phone au <a href=\"tel:5143167116\">514-316-7116<\/a> ou en remplissant notre <a href=\"https:\/\/creoq.com\/fr\/contact\/\">formulaire de contact<\/a> en ligne.[\/vc_column_text][\/vc_column][\/vc_row][\/vc_column][\/vc_row]<\/p>\n<\/section>","protected":false},"excerpt":{"rendered":"<p>[vc_row css_animation=&#8221;&#8221; row_type=&#8221;row&#8221; use_row_as_full_screen_section=&#8221;no&#8221; type=&#8221;grid&#8221; angled_section=&#8221;no&#8221; text_align=&#8221;left&#8221; background_image_as_pattern=&#8221;without_pattern&#8221; z_index=&#8221;&#8221;][vc_column width=&#8221;1\/2&#8243;][vc_empty_space][vc_single_image image=&#8221;558&#8243; img_size=&#8221;medium&#8221; alignment=&#8221;center&#8221; qode_css_animation=&#8221;&#8221; el_class=&#8221;no-shadow&#8221;][vc_empty_space][vc_column_text]Le Centre de Reconstruction Esth\u00e9tique et Orthop\u00e9dique du Qu\u00e9bec (CREOQ) est fier d\u2019annoncer qu\u2019il a re\u00e7u le statut \u201cAgr\u00e9\u00e9 avec mention d\u2019honneur\u201d d\u2019Agr\u00e9ment Canada, le plus haut niveau d\u2019agr\u00e9ment possible. Cette&#8230;<\/p>\n","protected":false},"author":3,"featured_media":0,"parent":0,"menu_order":0,"comment_status":"closed","ping_status":"closed","template":"full_width.php","meta":{"footnotes":""},"class_list":["post-251","page","type-page","status-publish","hentry"],"acf":[],"yoast_head":"<!-- This site is optimized with the Yoast SEO plugin v22.8 - https:\/\/yoast.com\/wordpress\/plugins\/seo\/ -->\n<title>Centre de Reconstruction Esth\u00e9tique et Orthopedic du Qu\u00e9bec<\/title>\n<meta name=\"robots\" content=\"index, follow, max-snippet:-1, max-image-preview:large, max-video-preview:-1\" \/>\n<link rel=\"canonical\" href=\"https:\/\/creoq.com\/fr\/\" \/>\n<meta property=\"og:locale\" content=\"fr_FR\" \/>\n<meta property=\"og:type\" content=\"article\" \/>\n<meta property=\"og:title\" content=\"Centre de Reconstruction Esth\u00e9tique et Orthopedic du Qu\u00e9bec\" \/>\n<meta property=\"og:description\" content=\"[vc_row css_animation=&#8221;&#8221; row_type=&#8221;row&#8221; use_row_as_full_screen_section=&#8221;no&#8221; type=&#8221;grid&#8221; angled_section=&#8221;no&#8221; text_align=&#8221;left&#8221; background_image_as_pattern=&#8221;without_pattern&#8221; z_index=&#8221;&#8221;][vc_column width=&#8221;1\/2&#8243;][vc_empty_space][vc_single_image image=&#8221;558&#8243; img_size=&#8221;medium&#8221; alignment=&#8221;center&#8221; qode_css_animation=&#8221;&#8221; el_class=&#8221;no-shadow&#8221;][vc_empty_space][vc_column_text]Le Centre de Reconstruction Esth\u00e9tique et Orthop\u00e9dique du Qu\u00e9bec (CREOQ) est fier d\u2019annoncer qu\u2019il a re\u00e7u le statut \u201cAgr\u00e9\u00e9 avec mention d\u2019honneur\u201d d\u2019Agr\u00e9ment Canada, le plus haut niveau d\u2019agr\u00e9ment possible. Cette...\" \/>\n<meta property=\"og:url\" content=\"https:\/\/creoq.com\/fr\/\" \/>\n<meta property=\"og:site_name\" content=\"Centre de Reconstruction Esth\u00e9tique et Orthopedic du Qu\u00e9bec\" \/>\n<meta property=\"article:modified_time\" content=\"2025-11-03T15:22:28+00:00\" \/>\n<meta property=\"og:image\" content=\"https:\/\/creoq.com\/wp-content\/uploads\/2024\/05\/creoq.jpg\" \/>\n\t<meta property=\"og:image:width\" content=\"1200\" \/>\n\t<meta property=\"og:image:height\" content=\"675\" \/>\n\t<meta property=\"og:image:type\" content=\"image\/jpeg\" \/>\n<meta name=\"twitter:card\" content=\"summary_large_image\" \/>\n<meta name=\"twitter:label1\" content=\"Est. reading time\" \/>\n\t<meta name=\"twitter:data1\" content=\"5 minutes\" \/>\n<script type=\"application\/ld+json\" class=\"yoast-schema-graph\">{\"@context\":\"https:\/\/schema.org\",\"@graph\":[{\"@type\":\"WebPage\",\"@id\":\"https:\/\/creoq.com\/fr\/\",\"url\":\"https:\/\/creoq.com\/fr\/\",\"name\":\"Centre de Reconstruction Esth\u00e9tique et Orthopedic du Qu\u00e9bec\",\"isPartOf\":{\"@id\":\"https:\/\/creoq.com\/fr\/#website\"},\"datePublished\":\"2024-01-26T13:32:04+00:00\",\"dateModified\":\"2025-11-03T15:22:28+00:00\",\"breadcrumb\":{\"@id\":\"https:\/\/creoq.com\/fr\/#breadcrumb\"},\"inLanguage\":\"fr-FR\",\"potentialAction\":[{\"@type\":\"ReadAction\",\"target\":[\"https:\/\/creoq.com\/fr\/\"]}]},{\"@type\":\"BreadcrumbList\",\"@id\":\"https:\/\/creoq.com\/fr\/#breadcrumb\",\"itemListElement\":[{\"@type\":\"ListItem\",\"position\":1,\"name\":\"Home\",\"item\":\"https:\/\/creoq.com\/fr\/\"},{\"@type\":\"ListItem\",\"position\":2,\"name\":\"A propos de nous\"}]},{\"@type\":\"WebSite\",\"@id\":\"https:\/\/creoq.com\/fr\/#website\",\"url\":\"https:\/\/creoq.com\/fr\/\",\"name\":\"Centre de Reconstruction Esth\u00e9tique et Orthopedic du Qu\u00e9bec\",\"description\":\"\",\"potentialAction\":[{\"@type\":\"SearchAction\",\"target\":{\"@type\":\"EntryPoint\",\"urlTemplate\":\"https:\/\/creoq.com\/fr\/?s={search_term_string}\"},\"query-input\":\"required name=search_term_string\"}],\"inLanguage\":\"fr-FR\"}]}<\/script>\n<!-- \/ Yoast SEO plugin. -->","yoast_head_json":{"title":"Centre de Reconstruction Esth\u00e9tique et Orthopedic du Qu\u00e9bec","robots":{"index":"index","follow":"follow","max-snippet":"max-snippet:-1","max-image-preview":"max-image-preview:large","max-video-preview":"max-video-preview:-1"},"canonical":"https:\/\/creoq.com\/fr\/","og_locale":"fr_FR","og_type":"article","og_title":"Centre de Reconstruction Esth\u00e9tique et Orthopedic du Qu\u00e9bec","og_description":"[vc_row css_animation=&#8221;&#8221; row_type=&#8221;row&#8221; use_row_as_full_screen_section=&#8221;no&#8221; type=&#8221;grid&#8221; angled_section=&#8221;no&#8221; text_align=&#8221;left&#8221; background_image_as_pattern=&#8221;without_pattern&#8221; z_index=&#8221;&#8221;][vc_column width=&#8221;1\/2&#8243;][vc_empty_space][vc_single_image image=&#8221;558&#8243; img_size=&#8221;medium&#8221; alignment=&#8221;center&#8221; qode_css_animation=&#8221;&#8221; el_class=&#8221;no-shadow&#8221;][vc_empty_space][vc_column_text]Le Centre de Reconstruction Esth\u00e9tique et Orthop\u00e9dique du Qu\u00e9bec (CREOQ) est fier d\u2019annoncer qu\u2019il a re\u00e7u le statut \u201cAgr\u00e9\u00e9 avec mention d\u2019honneur\u201d d\u2019Agr\u00e9ment Canada, le plus haut niveau d\u2019agr\u00e9ment possible. Cette...","og_url":"https:\/\/creoq.com\/fr\/","og_site_name":"Centre de Reconstruction Esth\u00e9tique et Orthopedic du Qu\u00e9bec","article_modified_time":"2025-11-03T15:22:28+00:00","og_image":[{"width":1200,"height":675,"url":"https:\/\/creoq.com\/wp-content\/uploads\/2024\/05\/creoq.jpg","type":"image\/jpeg"}],"twitter_card":"summary_large_image","twitter_misc":{"Est. reading time":"5 minutes"},"schema":{"@context":"https:\/\/schema.org","@graph":[{"@type":"WebPage","@id":"https:\/\/creoq.com\/fr\/","url":"https:\/\/creoq.com\/fr\/","name":"Centre de Reconstruction Esth\u00e9tique et Orthopedic du Qu\u00e9bec","isPartOf":{"@id":"https:\/\/creoq.com\/fr\/#website"},"datePublished":"2024-01-26T13:32:04+00:00","dateModified":"2025-11-03T15:22:28+00:00","breadcrumb":{"@id":"https:\/\/creoq.com\/fr\/#breadcrumb"},"inLanguage":"fr-FR","potentialAction":[{"@type":"ReadAction","target":["https:\/\/creoq.com\/fr\/"]}]},{"@type":"BreadcrumbList","@id":"https:\/\/creoq.com\/fr\/#breadcrumb","itemListElement":[{"@type":"ListItem","position":1,"name":"Home","item":"https:\/\/creoq.com\/fr\/"},{"@type":"ListItem","position":2,"name":"A propos de nous"}]},{"@type":"WebSite","@id":"https:\/\/creoq.com\/fr\/#website","url":"https:\/\/creoq.com\/fr\/","name":"Centre de Reconstruction Esth\u00e9tique et Orthopedic du Qu\u00e9bec","description":"","potentialAction":[{"@type":"SearchAction","target":{"@type":"EntryPoint","urlTemplate":"https:\/\/creoq.com\/fr\/?s={search_term_string}"},"query-input":"required name=search_term_string"}],"inLanguage":"fr-FR"}]}},"_links":{"self":[{"href":"https:\/\/creoq.com\/fr\/wp-json\/wp\/v2\/pages\/251","targetHints":{"allow":["GET"]}}],"collection":[{"href":"https:\/\/creoq.com\/fr\/wp-json\/wp\/v2\/pages"}],"about":[{"href":"https:\/\/creoq.com\/fr\/wp-json\/wp\/v2\/types\/page"}],"author":[{"embeddable":true,"href":"https:\/\/creoq.com\/fr\/wp-json\/wp\/v2\/users\/3"}],"replies":[{"embeddable":true,"href":"https:\/\/creoq.com\/fr\/wp-json\/wp\/v2\/comments?post=251"}],"version-history":[{"count":24,"href":"https:\/\/creoq.com\/fr\/wp-json\/wp\/v2\/pages\/251\/revisions"}],"predecessor-version":[{"id":793,"href":"https:\/\/creoq.com\/fr\/wp-json\/wp\/v2\/pages\/251\/revisions\/793"}],"wp:attachment":[{"href":"https:\/\/creoq.com\/fr\/wp-json\/wp\/v2\/media?parent=251"}],"curies":[{"name":"wp","href":"https:\/\/api.w.org\/{rel}","templated":true}]}}