{"id":258,"date":"2024-01-26T16:37:14","date_gmt":"2024-01-26T16:37:14","guid":{"rendered":"https:\/\/creoq.com\/installations-du-centre-creoq\/"},"modified":"2025-11-03T15:44:04","modified_gmt":"2025-11-03T15:44:04","slug":"installations-du-centre-creoq","status":"publish","type":"page","link":"https:\/\/creoq.com\/fr\/installations-du-centre-creoq\/","title":{"rendered":"Installations"},"content":{"rendered":"<section class=\"wpb-content-wrapper\"><p>[vc_row css_animation=&#8221;&#8221; row_type=&#8221;row&#8221; use_row_as_full_screen_section=&#8221;no&#8221; type=&#8221;grid&#8221; angled_section=&#8221;no&#8221; text_align=&#8221;left&#8221; background_image_as_pattern=&#8221;without_pattern&#8221; el_id=&#8221;hero&#8221; z_index=&#8221;&#8221;][vc_column width=&#8221;1\/2&#8243;][vc_single_image image=&#8221;220&#8243; img_size=&#8221;full&#8221; qode_css_animation=&#8221;&#8221;][\/vc_column][vc_column width=&#8221;1\/2&#8243;][vc_column_text]<\/p>\n<h2>LES INSTALLATIONS DU CREOQ<\/h2>\n<p>En prenant en consid\u00e9ration notre poursuite de l\u2019excellence, nous sommes fiers d\u2019offrir une technologie et des techniques de pointe pour les chirurgies orthop\u00e9diques et plastiques. Nos installations sont \u00e9quip\u00e9es des derni\u00e8res avanc\u00e9es, ce qui permet \u00e0 nos chirurgiens hautement qualifi\u00e9s de vous offrir les traitements les plus efficaces et les plus innovants. Que vous recherchiez des proc\u00e9dures orthop\u00e9diques pour retrouver votre mobilit\u00e9 et am\u00e9liorer votre qualit\u00e9 de vie ou une chirurgie esth\u00e9tique pour am\u00e9liorer votre apparence et votre confiance en vous, nous sommes l\u00e0 pour vous offrir des r\u00e9sultats optimaux tout en respectant les normes les plus strictes en mati\u00e8re de s\u00e9curit\u00e9 et de soins.[\/vc_column_text][\/vc_column][\/vc_row][vc_row css_animation=&#8221;&#8221; row_type=&#8221;row&#8221; use_row_as_full_screen_section=&#8221;no&#8221; type=&#8221;grid&#8221; angled_section=&#8221;no&#8221; text_align=&#8221;left&#8221; background_image_as_pattern=&#8221;without_pattern&#8221; z_index=&#8221;&#8221; el_id=&#8221;facili&#8221;][vc_column][vc_column_text]<\/p>\n<h3>AU CREOQ, NOUS DISPOSONS D\u2019UNE GAMME DE SALLES BIEN AM\u00c9NAG\u00c9ES AU SEIN DE NOS INSTALLATIONS :<\/h3>\n<ul class=\"checkmarks\">\n<li>Deux blocs op\u00e9ratoires pour les chirurgies majeures<\/li>\n<li>Un bloc op\u00e9ratoire pour les chirurgies mineures (avec possibilit\u00e9 d&#8217;anesth\u00e9sie g\u00e9n\u00e9rale)<\/li>\n<li>Une salle de r\u00e9veil avec cinq civi\u00e8res<\/li>\n<li>Deux chambres priv\u00e9es, pour les patientes qui doivent s\u00e9journer une nuit, (CMJ) avec leur propre salle de bain.<\/li>\n<\/ul>\n<p>[\/vc_column_text][vc_empty_space height=&#8221;40px&#8221;][vc_column_text]<\/p>\n<h3>\u00c9QUIPEMENT SP\u00c9CIALIS\u00c9<\/h3>\n<ul class=\"checkmarks colz\">\n<li>J-plasma\u2122<\/li>\n<li>Machine \u00e0 liposuccion<\/li>\n<li>Facetite\u2122<\/li>\n<li>Large C-arm pour fluoroscopie<\/li>\n<li>MicroAire\u2122<\/li>\n<\/ul>\n<p>[\/vc_column_text][vc_row_inner row_type=&#8221;row&#8221; type=&#8221;full_width&#8221; text_align=&#8221;left&#8221; css_animation=&#8221;&#8221;][vc_column_inner width=&#8221;1\/6&#8243;][\/vc_column_inner][vc_column_inner width=&#8221;2\/3&#8243;][vc_column_text]<\/p>\n<div style=\"width: 1060px;\" class=\"wp-video\"><video class=\"wp-video-shortcode\" id=\"video-258-1\" width=\"1060\" height=\"596\" poster=\"https:\/\/creoq.com\/wp-content\/uploads\/2025\/11\/Visite-de-la-clinique-fr.webp\" preload=\"metadata\" controls=\"controls\"><source type=\"video\/webm\" src=\"https:\/\/creoq.com\/wp-content\/uploads\/2025\/11\/Visite-Creoq-avec-texte-V4_1080p.webm?_=1\" \/><a href=\"https:\/\/creoq.com\/wp-content\/uploads\/2025\/11\/Visite-Creoq-avec-texte-V4_1080p.webm\">https:\/\/creoq.com\/wp-content\/uploads\/2025\/11\/Visite-Creoq-avec-texte-V4_1080p.webm<\/a><\/video><\/div>\n<p>[\/vc_column_text][\/vc_column_inner][\/vc_row_inner][\/vc_column][\/vc_row][vc_row css_animation=&#8221;&#8221; row_type=&#8221;row&#8221; use_row_as_full_screen_section=&#8221;no&#8221; type=&#8221;grid&#8221; angled_section=&#8221;no&#8221; text_align=&#8221;left&#8221; background_image_as_pattern=&#8221;without_pattern&#8221; z_index=&#8221;&#8221;][vc_column width=&#8221;1\/2&#8243;][vc_single_image image=&#8221;361&#8243; img_size=&#8221;full&#8221; qode_css_animation=&#8221;&#8221;][\/vc_column][vc_column width=&#8221;1\/2&#8243;][vc_column_text]<\/p>\n<h2>L&#8217;ART AU CREOQ<\/h2>\n<p>L&#8217;art dans un \u00e9tablissement de soins de sant\u00e9 peut \u00eatre th\u00e9rapeutique et est reconnu pour diminuer la peur, le stress et la tristesse. De plus, l&#8217;interaction des patients avec l&#8217;art visuel permet d&#8217;humaniser l&#8217;environnement. Ces peintures egayent nos murs et accueillent nos patients dans un espace confortable et apaisant o\u00f9 ils peuvent se sentir en confiance et en s\u00e9curit\u00e9.<\/p>\n<p>Heureusement pour notre clinique, nous pouvons compter sur la contribution de Manny Gdalevitch, un artiste visuel qui a d\u00e9cor\u00e9 toutes nos toiles blanches de ses magnifiques peintures.<br \/>\n[\/vc_column_text]<div style=\"text-align:left\"><a href=\"https:\/\/creoq.com\/fr\/art-touch-at-creoq\/\" class=\"button button--bestia \" target=\"_self\"><div class=\"button__bg\"><\/div><span>EN SAVOIR PLUS<\/span><\/a><\/div>[\/vc_column][\/vc_row][vc_row css_animation=&#8221;&#8221; column_reverse_sm=&#8221;1&#8243; row_type=&#8221;row&#8221; use_row_as_full_screen_section=&#8221;no&#8221; type=&#8221;grid&#8221; angled_section=&#8221;no&#8221; text_align=&#8221;left&#8221; background_image_as_pattern=&#8221;without_pattern&#8221; z_index=&#8221;&#8221;][vc_column width=&#8221;1\/2&#8243;][vc_column_text]<\/p>\n<h2>ACCESSIBILIT\u00c9<\/h2>\n<p>CREOQ est facile d\u2019acc\u00e8s, \u00e9tant \u00e0 15 minute de l\u2019a\u00e9roport de Montr\u00e9al (YUL). Situ\u00e9 sur l\u2019avenue Beaumont \u00e0 Ville Mont-Royal, la clinique est \u00e0 proximit\u00e9 des autoroutes 15 et 40 en plus d\u2019\u00eatre pr\u00e8s d\u2019une station de m\u00e9tro et d\u2019un parcours d\u2019autobus. Nous offrons aussi un stationnement gratuit pour nos chirurgiens et nos patients.<\/p>\n<p>[\/vc_column_text]<div style=\"text-align:left\"><a href=\"https:\/\/creoq.com\/fr\/contact\/\" class=\"button button--bestia \" target=\"_self\"><div class=\"button__bg\"><\/div><span>VOIR LES DIRECTIONS<\/span><\/a><\/div>[\/vc_column][vc_column width=&#8221;1\/2&#8243;][vc_single_image image=&#8221;338&#8243; img_size=&#8221;full&#8221; alignment=&#8221;center&#8221; qode_css_animation=&#8221;&#8221;][\/vc_column][\/vc_row][vc_row css_animation=&#8221;&#8221; row_type=&#8221;row&#8221; use_row_as_full_screen_section=&#8221;no&#8221; type=&#8221;full_width&#8221; angled_section=&#8221;no&#8221; text_align=&#8221;left&#8221; background_image_as_pattern=&#8221;without_pattern&#8221; el_class=&#8221;global&#8221; z_index=&#8221;&#8221;][vc_column][vc_row css_animation=\"\" row_type=\"row\" use_row_as_full_screen_section=\"no\" type=\"grid\" angled_section=\"no\" text_align=\"left\" background_image_as_pattern=\"without_pattern\" z_index=\"\" el_id=\"get\"][vc_column][vc_column_text]\r\n<h2>CONTACT<\/h2>\r\nVous pouvez nous rejoindre par t\u00e9l\u00e9phone au <a href=\"tel:5143167116\">514-316-7116<\/a> ou en remplissant notre <a href=\"https:\/\/creoq.com\/fr\/contact\/\">formulaire de contact<\/a> en ligne.[\/vc_column_text][\/vc_column][\/vc_row][\/vc_column][\/vc_row]<\/p>\n<\/section>","protected":false},"excerpt":{"rendered":"<p>[vc_row css_animation=&#8221;&#8221; row_type=&#8221;row&#8221; use_row_as_full_screen_section=&#8221;no&#8221; type=&#8221;grid&#8221; angled_section=&#8221;no&#8221; text_align=&#8221;left&#8221; background_image_as_pattern=&#8221;without_pattern&#8221; el_id=&#8221;hero&#8221; z_index=&#8221;&#8221;][vc_column width=&#8221;1\/2&#8243;][vc_single_image image=&#8221;220&#8243; img_size=&#8221;full&#8221; qode_css_animation=&#8221;&#8221;][\/vc_column][vc_column width=&#8221;1\/2&#8243;][vc_column_text] LES INSTALLATIONS DU CREOQ En prenant en consid\u00e9ration notre poursuite de l\u2019excellence, nous sommes fiers d\u2019offrir une technologie et des techniques de pointe pour les chirurgies orthop\u00e9diques et plastiques. Nos&#8230;<\/p>\n","protected":false},"author":3,"featured_media":0,"parent":0,"menu_order":0,"comment_status":"closed","ping_status":"closed","template":"full_width.php","meta":{"footnotes":""},"class_list":["post-258","page","type-page","status-publish","hentry"],"acf":[],"yoast_head":"<!-- This site is optimized with the Yoast SEO plugin v22.8 - https:\/\/yoast.com\/wordpress\/plugins\/seo\/ -->\n<title>Installations | Centre de Reconstruction Esth\u00e9tique et Orthopedic du Qu\u00e9bec<\/title>\n<meta name=\"robots\" content=\"index, follow, max-snippet:-1, max-image-preview:large, max-video-preview:-1\" \/>\n<link rel=\"canonical\" href=\"https:\/\/creoq.com\/fr\/installations-du-centre-creoq\/\" \/>\n<meta property=\"og:locale\" content=\"fr_FR\" \/>\n<meta property=\"og:type\" content=\"article\" \/>\n<meta property=\"og:title\" content=\"Installations | Centre de Reconstruction Esth\u00e9tique et Orthopedic du Qu\u00e9bec\" \/>\n<meta property=\"og:description\" content=\"[vc_row css_animation=&#8221;&#8221; row_type=&#8221;row&#8221; use_row_as_full_screen_section=&#8221;no&#8221; type=&#8221;grid&#8221; angled_section=&#8221;no&#8221; text_align=&#8221;left&#8221; background_image_as_pattern=&#8221;without_pattern&#8221; el_id=&#8221;hero&#8221; z_index=&#8221;&#8221;][vc_column width=&#8221;1\/2&#8243;][vc_single_image image=&#8221;220&#8243; img_size=&#8221;full&#8221; qode_css_animation=&#8221;&#8221;][\/vc_column][vc_column width=&#8221;1\/2&#8243;][vc_column_text] LES INSTALLATIONS DU CREOQ En prenant en consid\u00e9ration notre poursuite de l\u2019excellence, nous sommes fiers d\u2019offrir une technologie et des techniques de pointe pour les chirurgies orthop\u00e9diques et plastiques. Nos...\" \/>\n<meta property=\"og:url\" content=\"https:\/\/creoq.com\/fr\/installations-du-centre-creoq\/\" \/>\n<meta property=\"og:site_name\" content=\"Centre de Reconstruction Esth\u00e9tique et Orthopedic du Qu\u00e9bec\" \/>\n<meta property=\"article:modified_time\" content=\"2025-11-03T15:44:04+00:00\" \/>\n<meta property=\"og:image\" content=\"https:\/\/creoq.com\/wp-content\/uploads\/2024\/05\/creoq.jpg\" \/>\n\t<meta property=\"og:image:width\" content=\"1200\" \/>\n\t<meta property=\"og:image:height\" content=\"675\" \/>\n\t<meta property=\"og:image:type\" content=\"image\/jpeg\" \/>\n<meta name=\"twitter:card\" content=\"summary_large_image\" \/>\n<meta name=\"twitter:label1\" content=\"Est. reading time\" \/>\n\t<meta name=\"twitter:data1\" content=\"3 minutes\" \/>\n<script type=\"application\/ld+json\" class=\"yoast-schema-graph\">{\"@context\":\"https:\/\/schema.org\",\"@graph\":[{\"@type\":\"WebPage\",\"@id\":\"https:\/\/creoq.com\/fr\/installations-du-centre-creoq\/\",\"url\":\"https:\/\/creoq.com\/fr\/installations-du-centre-creoq\/\",\"name\":\"Installations | Centre de Reconstruction Esth\u00e9tique et Orthopedic du Qu\u00e9bec\",\"isPartOf\":{\"@id\":\"https:\/\/creoq.com\/fr\/#website\"},\"datePublished\":\"2024-01-26T16:37:14+00:00\",\"dateModified\":\"2025-11-03T15:44:04+00:00\",\"breadcrumb\":{\"@id\":\"https:\/\/creoq.com\/fr\/installations-du-centre-creoq\/#breadcrumb\"},\"inLanguage\":\"fr-FR\",\"potentialAction\":[{\"@type\":\"ReadAction\",\"target\":[\"https:\/\/creoq.com\/fr\/installations-du-centre-creoq\/\"]}]},{\"@type\":\"BreadcrumbList\",\"@id\":\"https:\/\/creoq.com\/fr\/installations-du-centre-creoq\/#breadcrumb\",\"itemListElement\":[{\"@type\":\"ListItem\",\"position\":1,\"name\":\"Home\",\"item\":\"https:\/\/creoq.com\/fr\/\"},{\"@type\":\"ListItem\",\"position\":2,\"name\":\"Installations\"}]},{\"@type\":\"WebSite\",\"@id\":\"https:\/\/creoq.com\/fr\/#website\",\"url\":\"https:\/\/creoq.com\/fr\/\",\"name\":\"Centre de Reconstruction Esth\u00e9tique et Orthopedic du Qu\u00e9bec\",\"description\":\"\",\"potentialAction\":[{\"@type\":\"SearchAction\",\"target\":{\"@type\":\"EntryPoint\",\"urlTemplate\":\"https:\/\/creoq.com\/fr\/?s={search_term_string}\"},\"query-input\":\"required name=search_term_string\"}],\"inLanguage\":\"fr-FR\"}]}<\/script>\n<!-- \/ Yoast SEO plugin. -->","yoast_head_json":{"title":"Installations | Centre de Reconstruction Esth\u00e9tique et Orthopedic du Qu\u00e9bec","robots":{"index":"index","follow":"follow","max-snippet":"max-snippet:-1","max-image-preview":"max-image-preview:large","max-video-preview":"max-video-preview:-1"},"canonical":"https:\/\/creoq.com\/fr\/installations-du-centre-creoq\/","og_locale":"fr_FR","og_type":"article","og_title":"Installations | Centre de Reconstruction Esth\u00e9tique et Orthopedic du Qu\u00e9bec","og_description":"[vc_row css_animation=&#8221;&#8221; row_type=&#8221;row&#8221; use_row_as_full_screen_section=&#8221;no&#8221; type=&#8221;grid&#8221; angled_section=&#8221;no&#8221; text_align=&#8221;left&#8221; background_image_as_pattern=&#8221;without_pattern&#8221; el_id=&#8221;hero&#8221; z_index=&#8221;&#8221;][vc_column width=&#8221;1\/2&#8243;][vc_single_image image=&#8221;220&#8243; img_size=&#8221;full&#8221; qode_css_animation=&#8221;&#8221;][\/vc_column][vc_column width=&#8221;1\/2&#8243;][vc_column_text] LES INSTALLATIONS DU CREOQ En prenant en consid\u00e9ration notre poursuite de l\u2019excellence, nous sommes fiers d\u2019offrir une technologie et des techniques de pointe pour les chirurgies orthop\u00e9diques et plastiques. Nos...","og_url":"https:\/\/creoq.com\/fr\/installations-du-centre-creoq\/","og_site_name":"Centre de Reconstruction Esth\u00e9tique et Orthopedic du Qu\u00e9bec","article_modified_time":"2025-11-03T15:44:04+00:00","og_image":[{"width":1200,"height":675,"url":"https:\/\/creoq.com\/wp-content\/uploads\/2024\/05\/creoq.jpg","type":"image\/jpeg"}],"twitter_card":"summary_large_image","twitter_misc":{"Est. reading time":"3 minutes"},"schema":{"@context":"https:\/\/schema.org","@graph":[{"@type":"WebPage","@id":"https:\/\/creoq.com\/fr\/installations-du-centre-creoq\/","url":"https:\/\/creoq.com\/fr\/installations-du-centre-creoq\/","name":"Installations | Centre de Reconstruction Esth\u00e9tique et Orthopedic du Qu\u00e9bec","isPartOf":{"@id":"https:\/\/creoq.com\/fr\/#website"},"datePublished":"2024-01-26T16:37:14+00:00","dateModified":"2025-11-03T15:44:04+00:00","breadcrumb":{"@id":"https:\/\/creoq.com\/fr\/installations-du-centre-creoq\/#breadcrumb"},"inLanguage":"fr-FR","potentialAction":[{"@type":"ReadAction","target":["https:\/\/creoq.com\/fr\/installations-du-centre-creoq\/"]}]},{"@type":"BreadcrumbList","@id":"https:\/\/creoq.com\/fr\/installations-du-centre-creoq\/#breadcrumb","itemListElement":[{"@type":"ListItem","position":1,"name":"Home","item":"https:\/\/creoq.com\/fr\/"},{"@type":"ListItem","position":2,"name":"Installations"}]},{"@type":"WebSite","@id":"https:\/\/creoq.com\/fr\/#website","url":"https:\/\/creoq.com\/fr\/","name":"Centre de Reconstruction Esth\u00e9tique et Orthopedic du Qu\u00e9bec","description":"","potentialAction":[{"@type":"SearchAction","target":{"@type":"EntryPoint","urlTemplate":"https:\/\/creoq.com\/fr\/?s={search_term_string}"},"query-input":"required name=search_term_string"}],"inLanguage":"fr-FR"}]}},"_links":{"self":[{"href":"https:\/\/creoq.com\/fr\/wp-json\/wp\/v2\/pages\/258","targetHints":{"allow":["GET"]}}],"collection":[{"href":"https:\/\/creoq.com\/fr\/wp-json\/wp\/v2\/pages"}],"about":[{"href":"https:\/\/creoq.com\/fr\/wp-json\/wp\/v2\/types\/page"}],"author":[{"embeddable":true,"href":"https:\/\/creoq.com\/fr\/wp-json\/wp\/v2\/users\/3"}],"replies":[{"embeddable":true,"href":"https:\/\/creoq.com\/fr\/wp-json\/wp\/v2\/comments?post=258"}],"version-history":[{"count":19,"href":"https:\/\/creoq.com\/fr\/wp-json\/wp\/v2\/pages\/258\/revisions"}],"predecessor-version":[{"id":806,"href":"https:\/\/creoq.com\/fr\/wp-json\/wp\/v2\/pages\/258\/revisions\/806"}],"wp:attachment":[{"href":"https:\/\/creoq.com\/fr\/wp-json\/wp\/v2\/media?parent=258"}],"curies":[{"name":"wp","href":"https:\/\/api.w.org\/{rel}","templated":true}]}}