{"id":265,"date":"2024-01-26T16:19:12","date_gmt":"2024-01-26T16:19:12","guid":{"rendered":"https:\/\/creoq.com\/art-touch-at-creoq\/"},"modified":"2024-05-31T14:44:06","modified_gmt":"2024-05-31T14:44:06","slug":"art-touch-at-creoq","status":"publish","type":"page","link":"https:\/\/creoq.com\/fr\/art-touch-at-creoq\/","title":{"rendered":"L&#8217;art au CREOQ"},"content":{"rendered":"<section class=\"wpb-content-wrapper\"><p>[vc_row css_animation=&#8221;&#8221; row_type=&#8221;row&#8221; use_row_as_full_screen_section=&#8221;no&#8221; type=&#8221;grid&#8221; angled_section=&#8221;no&#8221; text_align=&#8221;left&#8221; background_image_as_pattern=&#8221;without_pattern&#8221; el_id=&#8221;hero&#8221; z_index=&#8221;&#8221;][vc_column width=&#8221;1\/2&#8243;]<div class=\"new-video\">\n        <a href=\"https:\/\/creoq.com\/wp-content\/uploads\/2024\/01\/Nov-24-2022-phisurgery_1669339311_2978956212477152471_6936307584.mp4\" id=\"vid-362\"><img decoding=\"async\" src=\"https:\/\/creoq.com\/wp-content\/uploads\/2024\/05\/art.jpg\"><div class=\"caption-wrap\"><h5>L'art au CREOQ<\/h5>00:36<svg version=\"1.1\" id=\"play\" xmlns=\"http:\/\/www.w3.org\/2000\/svg\" xmlns:xlink=\"http:\/\/www.w3.org\/1999\/xlink\" x=\"0px\" y=\"0px\" height=\"100px\" width=\"100px\" viewBox=\"0 0 100 100\" enable-background=\"new 0 0 100 100\" xml:space=\"preserve\">\n        <path class=\"stroke-solid\" fill=\"none\" stroke=\"#ddbe72\" d=\"M49.9,2.5C23.6,2.8,2.1,24.4,2.5,50.4C2.9,76.5,24.7,98,50.3,97.5c26.4-0.6,47.4-21.8,47.2-47.7\n          C97.3,23.7,75.7,2.3,49.9,2.5\"><\/path>\n        <path class=\"icon\" fill=\"#ddbe72\" d=\"M38,69c-1,0.5-1.8,0-1.8-1.1V32.1c0-1.1,0.8-1.6,1.8-1.1l34,18c1,0.5,1,1.4,0,1.9L38,69z\"><\/path>\n      <\/svg><\/div><\/a><\/div>    <script>\n       \/\/ console.log(\"mp4\");\n        const $vid362 = document.getElementById(\"vid-362\");\n        const dynamicGallery362 = window.lightGallery($vid362, {\n        dynamic: true,\n        mobileSettings: \t{ controls: false, showCloseIcon: true, download: false } ,\n        zoom: false,\n        download: false,\n        share: false,\n        plugins: [lgVideo, lgThumbnail],\n        dynamicEl: [\n            {\n        video: {\n            \"source\": [{\n                \"src\": \"https:\/\/creoq.com\/wp-content\/uploads\/2024\/01\/Nov-24-2022-phisurgery_1669339311_2978956212477152471_6936307584.mp4\",\n                \"type\": \"video\/mp4\"\n            }],\n            \"attributes\": {\n                \"preload\": false,\n                \"controls\": true\n            }\n        },\n    \n        subHtml: \"<h4>L'art au CREOQ<\/h4><p>00:36<\/p>\",\n        downloadUrl: false\n        },\n        ]\n    });\n    $vid362.addEventListener(\"click\", (e) => {\n        event.preventDefault();\n    dynamicGallery362.openGallery(0);\n    });\n  <\/script>\n  [\/vc_column][vc_column width=&#8221;1\/2&#8243;][vc_column_text]<\/p>\n<h2>L&#8217;ART AU CREOQ<\/h2>\n<p>L&#8217;art dans un \u00e9tablissement de soins de sant\u00e9 peut \u00eatre th\u00e9rapeutique et est reconnu pour diminuer la peur, le stress et la tristesse. De plus, l&#8217;interaction des patients avec l&#8217;art visuel permet d&#8217;humaniser l&#8217;environnement. Ces peintures \u00e9gayent nos murs et accueillent nos patients dans un espace confortable et apaisant o\u00f9 ils peuvent se sentir en confiance et en s\u00e9curit\u00e9.<\/p>\n<p>Heureusement pour notre clinique, nous pouvons compter sur la contribution de Manny Gdalevitch, un artiste visuel qui a d\u00e9cor\u00e9 toutes nos toiles blanches de ses magnifiques peintures.[\/vc_column_text][\/vc_column][\/vc_row][vc_row css_animation=&#8221;&#8221; row_type=&#8221;row&#8221; use_row_as_full_screen_section=&#8221;no&#8221; type=&#8221;full_width&#8221; angled_section=&#8221;no&#8221; text_align=&#8221;left&#8221; background_image_as_pattern=&#8221;without_pattern&#8221;][vc_column][vc_single_image image=&#8221;217&#8243; img_size=&#8221;full&#8221; alignment=&#8221;center&#8221; qode_css_animation=&#8221;&#8221; el_class=&#8221;borderno&#8221;][\/vc_column][\/vc_row][vc_row css_animation=&#8221;&#8221; column_reverse_sm=&#8221;1&#8243; row_type=&#8221;row&#8221; use_row_as_full_screen_section=&#8221;no&#8221; type=&#8221;grid&#8221; angled_section=&#8221;no&#8221; text_align=&#8221;left&#8221; background_image_as_pattern=&#8221;without_pattern&#8221; z_index=&#8221;&#8221; el_id=&#8221;manny&#8221;][vc_column width=&#8221;1\/2&#8243;][vc_column_text]<\/p>\n<h2>RENCONTREZ NOTRE ARTISTE R\u00c9SIDENT<\/h2>\n<h3>Manny Gdalevitch<\/h3>\n<p>Manny Gdalevitch est un cr\u00e9ateur canadien d&#8217;art contemporain visuel.<\/p>\n<p>Il se consacre principalement \u00e0 la peinture et cr\u00e9e des \u0153uvres qui sont une repr\u00e9sentation visuelle de sa r\u00e9flexion intellectuelle et \u00e9motionnelle sur la vie, l&#8217;environnement et les stimuli. Son but est de provoquer de l&#8217;int\u00e9r\u00eat pour des aspects divers.<\/p>\n<p>Sa famille est souvent une source d\u2019inspiration. D&#8217;autres formes d&#8217;art, des artistes, des philosophes et des \u00e9v\u00e9nements critiques de la vie servent aussi \u00e0 l\u2019influencer. Sa palette fait ressortir des couleurs vives et contrast\u00e9es dans un format expressif et parfois abstrait.<\/p>\n<p>Sa devise est &#8220;Cr\u00e9er toutes choses avec amour&#8221;.[\/vc_column_text][vc_column_text el_class=&#8221;soclinks&#8221;]<a href=\"https:\/\/artbymannyg.com\/\" target=\"_blank\" rel=\"noopener\"><i class=\"fa fa-link\"><\/i> artbymannyg.com<\/a><br \/>\n<a href=\"https:\/\/www.instagram.com\/artbymannyg\/\" target=\"_blank\" rel=\"noopener\"><i class=\"fa fa-instagram\"><\/i> @artbymannyg<\/a>[\/vc_column_text][\/vc_column][vc_column width=&#8221;1\/2&#8243;]<div class=\"new-video\">\n        <a href=\"https:\/\/creoq.com\/wp-content\/uploads\/2024\/01\/May-9-2023-phisurgery_1683652802_3099026325082965235_6936307584.mp4\" id=\"vid-52\"><img decoding=\"async\" src=\"https:\/\/creoq.com\/wp-content\/uploads\/2024\/01\/May-9-2023-phisurgery_1683652802_3099026325082965235_6936307584.jpg\"><div class=\"caption-wrap\"><h5>Manny Gdalevitch<\/h5>00:56<svg version=\"1.1\" id=\"play\" xmlns=\"http:\/\/www.w3.org\/2000\/svg\" xmlns:xlink=\"http:\/\/www.w3.org\/1999\/xlink\" x=\"0px\" y=\"0px\" height=\"100px\" width=\"100px\" viewBox=\"0 0 100 100\" enable-background=\"new 0 0 100 100\" xml:space=\"preserve\">\n        <path class=\"stroke-solid\" fill=\"none\" stroke=\"#ddbe72\" d=\"M49.9,2.5C23.6,2.8,2.1,24.4,2.5,50.4C2.9,76.5,24.7,98,50.3,97.5c26.4-0.6,47.4-21.8,47.2-47.7\n          C97.3,23.7,75.7,2.3,49.9,2.5\"><\/path>\n        <path class=\"icon\" fill=\"#ddbe72\" d=\"M38,69c-1,0.5-1.8,0-1.8-1.1V32.1c0-1.1,0.8-1.6,1.8-1.1l34,18c1,0.5,1,1.4,0,1.9L38,69z\"><\/path>\n      <\/svg><\/div><\/a><\/div>    <script>\n       \/\/ console.log(\"mp4\");\n        const $vid52 = document.getElementById(\"vid-52\");\n        const dynamicGallery52 = window.lightGallery($vid52, {\n        dynamic: true,\n        mobileSettings: \t{ controls: false, showCloseIcon: true, download: false } ,\n        zoom: false,\n        download: false,\n        share: false,\n        plugins: [lgVideo, lgThumbnail],\n        dynamicEl: [\n            {\n        video: {\n            \"source\": [{\n                \"src\": \"https:\/\/creoq.com\/wp-content\/uploads\/2024\/01\/May-9-2023-phisurgery_1683652802_3099026325082965235_6936307584.mp4\",\n                \"type\": \"video\/mp4\"\n            }],\n            \"attributes\": {\n                \"preload\": false,\n                \"controls\": true\n            }\n        },\n    \n        subHtml: \"<h4>Manny Gdalevitch<\/h4><p>00:56<\/p>\",\n        downloadUrl: false\n        },\n        ]\n    });\n    $vid52.addEventListener(\"click\", (e) => {\n        event.preventDefault();\n    dynamicGallery52.openGallery(0);\n    });\n  <\/script>\n  [\/vc_column][\/vc_row][vc_row css_animation=&#8221;&#8221; row_type=&#8221;row&#8221; use_row_as_full_screen_section=&#8221;no&#8221; type=&#8221;full_width&#8221; angled_section=&#8221;no&#8221; text_align=&#8221;left&#8221; background_image_as_pattern=&#8221;without_pattern&#8221; el_class=&#8221;global&#8221; z_index=&#8221;&#8221;][vc_column][vc_row css_animation=\"\" row_type=\"row\" use_row_as_full_screen_section=\"no\" type=\"grid\" angled_section=\"no\" text_align=\"left\" background_image_as_pattern=\"without_pattern\" z_index=\"\" el_id=\"get\"][vc_column][vc_column_text]\r\n<h2>CONTACT<\/h2>\r\nVous pouvez nous rejoindre par t\u00e9l\u00e9phone au <a href=\"tel:5143167116\">514-316-7116<\/a> ou en remplissant notre <a href=\"https:\/\/creoq.com\/fr\/contact\/\">formulaire de contact<\/a> en ligne.[\/vc_column_text][\/vc_column][\/vc_row][\/vc_column][\/vc_row]<\/p>\n<\/section>","protected":false},"excerpt":{"rendered":"<p>[vc_row css_animation=&#8221;&#8221; row_type=&#8221;row&#8221; use_row_as_full_screen_section=&#8221;no&#8221; type=&#8221;grid&#8221; angled_section=&#8221;no&#8221; text_align=&#8221;left&#8221; background_image_as_pattern=&#8221;without_pattern&#8221; el_id=&#8221;hero&#8221; z_index=&#8221;&#8221;][vc_column width=&#8221;1\/2&#8243;][\/vc_column][vc_column width=&#8221;1\/2&#8243;][vc_column_text] L&#8217;ART AU CREOQ L&#8217;art dans un \u00e9tablissement de soins de sant\u00e9 peut \u00eatre th\u00e9rapeutique et est reconnu pour diminuer la peur, le stress et la tristesse. De plus, l&#8217;interaction des patients avec l&#8217;art&#8230;<\/p>\n","protected":false},"author":3,"featured_media":0,"parent":0,"menu_order":0,"comment_status":"closed","ping_status":"closed","template":"full_width.php","meta":{"footnotes":""},"class_list":["post-265","page","type-page","status-publish","hentry"],"acf":[],"yoast_head":"<!-- This site is optimized with the Yoast SEO plugin v22.8 - https:\/\/yoast.com\/wordpress\/plugins\/seo\/ -->\n<title>L&#039;art au CREOQ | Centre de Reconstruction Esth\u00e9tique et Orthopedic du Qu\u00e9bec<\/title>\n<meta name=\"robots\" content=\"index, follow, max-snippet:-1, max-image-preview:large, max-video-preview:-1\" \/>\n<link rel=\"canonical\" href=\"https:\/\/creoq.com\/fr\/art-touch-at-creoq\/\" \/>\n<meta property=\"og:locale\" content=\"fr_FR\" \/>\n<meta property=\"og:type\" content=\"article\" \/>\n<meta property=\"og:title\" content=\"L&#039;art au CREOQ | Centre de Reconstruction Esth\u00e9tique et Orthopedic du Qu\u00e9bec\" \/>\n<meta property=\"og:description\" content=\"[vc_row css_animation=&#8221;&#8221; row_type=&#8221;row&#8221; use_row_as_full_screen_section=&#8221;no&#8221; type=&#8221;grid&#8221; angled_section=&#8221;no&#8221; text_align=&#8221;left&#8221; background_image_as_pattern=&#8221;without_pattern&#8221; el_id=&#8221;hero&#8221; z_index=&#8221;&#8221;][vc_column width=&#8221;1\/2&#8243;][\/vc_column][vc_column width=&#8221;1\/2&#8243;][vc_column_text] L&#8217;ART AU CREOQ L&#8217;art dans un \u00e9tablissement de soins de sant\u00e9 peut \u00eatre th\u00e9rapeutique et est reconnu pour diminuer la peur, le stress et la tristesse. De plus, l&#8217;interaction des patients avec l&#8217;art...\" \/>\n<meta property=\"og:url\" content=\"https:\/\/creoq.com\/fr\/art-touch-at-creoq\/\" \/>\n<meta property=\"og:site_name\" content=\"Centre de Reconstruction Esth\u00e9tique et Orthopedic du Qu\u00e9bec\" \/>\n<meta property=\"article:modified_time\" content=\"2024-05-31T14:44:06+00:00\" \/>\n<meta property=\"og:image\" content=\"https:\/\/creoq.com\/wp-content\/uploads\/2024\/05\/creoq.jpg\" \/>\n\t<meta property=\"og:image:width\" content=\"1200\" \/>\n\t<meta property=\"og:image:height\" content=\"675\" \/>\n\t<meta property=\"og:image:type\" content=\"image\/jpeg\" \/>\n<meta name=\"twitter:card\" content=\"summary_large_image\" \/>\n<meta name=\"twitter:label1\" content=\"Est. reading time\" \/>\n\t<meta name=\"twitter:data1\" content=\"2 minutes\" \/>\n<script type=\"application\/ld+json\" class=\"yoast-schema-graph\">{\"@context\":\"https:\/\/schema.org\",\"@graph\":[{\"@type\":\"WebPage\",\"@id\":\"https:\/\/creoq.com\/fr\/art-touch-at-creoq\/\",\"url\":\"https:\/\/creoq.com\/fr\/art-touch-at-creoq\/\",\"name\":\"L'art au CREOQ | Centre de Reconstruction Esth\u00e9tique et Orthopedic du Qu\u00e9bec\",\"isPartOf\":{\"@id\":\"https:\/\/creoq.com\/fr\/#website\"},\"datePublished\":\"2024-01-26T16:19:12+00:00\",\"dateModified\":\"2024-05-31T14:44:06+00:00\",\"breadcrumb\":{\"@id\":\"https:\/\/creoq.com\/fr\/art-touch-at-creoq\/#breadcrumb\"},\"inLanguage\":\"fr-FR\",\"potentialAction\":[{\"@type\":\"ReadAction\",\"target\":[\"https:\/\/creoq.com\/fr\/art-touch-at-creoq\/\"]}]},{\"@type\":\"BreadcrumbList\",\"@id\":\"https:\/\/creoq.com\/fr\/art-touch-at-creoq\/#breadcrumb\",\"itemListElement\":[{\"@type\":\"ListItem\",\"position\":1,\"name\":\"Home\",\"item\":\"https:\/\/creoq.com\/fr\/\"},{\"@type\":\"ListItem\",\"position\":2,\"name\":\"L&#8217;art au CREOQ\"}]},{\"@type\":\"WebSite\",\"@id\":\"https:\/\/creoq.com\/fr\/#website\",\"url\":\"https:\/\/creoq.com\/fr\/\",\"name\":\"Centre de Reconstruction Esth\u00e9tique et Orthopedic du Qu\u00e9bec\",\"description\":\"\",\"potentialAction\":[{\"@type\":\"SearchAction\",\"target\":{\"@type\":\"EntryPoint\",\"urlTemplate\":\"https:\/\/creoq.com\/fr\/?s={search_term_string}\"},\"query-input\":\"required name=search_term_string\"}],\"inLanguage\":\"fr-FR\"}]}<\/script>\n<!-- \/ Yoast SEO plugin. -->","yoast_head_json":{"title":"L'art au CREOQ | Centre de Reconstruction Esth\u00e9tique et Orthopedic du Qu\u00e9bec","robots":{"index":"index","follow":"follow","max-snippet":"max-snippet:-1","max-image-preview":"max-image-preview:large","max-video-preview":"max-video-preview:-1"},"canonical":"https:\/\/creoq.com\/fr\/art-touch-at-creoq\/","og_locale":"fr_FR","og_type":"article","og_title":"L'art au CREOQ | Centre de Reconstruction Esth\u00e9tique et Orthopedic du Qu\u00e9bec","og_description":"[vc_row css_animation=&#8221;&#8221; row_type=&#8221;row&#8221; use_row_as_full_screen_section=&#8221;no&#8221; type=&#8221;grid&#8221; angled_section=&#8221;no&#8221; text_align=&#8221;left&#8221; background_image_as_pattern=&#8221;without_pattern&#8221; el_id=&#8221;hero&#8221; z_index=&#8221;&#8221;][vc_column width=&#8221;1\/2&#8243;][\/vc_column][vc_column width=&#8221;1\/2&#8243;][vc_column_text] L&#8217;ART AU CREOQ L&#8217;art dans un \u00e9tablissement de soins de sant\u00e9 peut \u00eatre th\u00e9rapeutique et est reconnu pour diminuer la peur, le stress et la tristesse. De plus, l&#8217;interaction des patients avec l&#8217;art...","og_url":"https:\/\/creoq.com\/fr\/art-touch-at-creoq\/","og_site_name":"Centre de Reconstruction Esth\u00e9tique et Orthopedic du Qu\u00e9bec","article_modified_time":"2024-05-31T14:44:06+00:00","og_image":[{"width":1200,"height":675,"url":"https:\/\/creoq.com\/wp-content\/uploads\/2024\/05\/creoq.jpg","type":"image\/jpeg"}],"twitter_card":"summary_large_image","twitter_misc":{"Est. reading time":"2 minutes"},"schema":{"@context":"https:\/\/schema.org","@graph":[{"@type":"WebPage","@id":"https:\/\/creoq.com\/fr\/art-touch-at-creoq\/","url":"https:\/\/creoq.com\/fr\/art-touch-at-creoq\/","name":"L'art au CREOQ | Centre de Reconstruction Esth\u00e9tique et Orthopedic du Qu\u00e9bec","isPartOf":{"@id":"https:\/\/creoq.com\/fr\/#website"},"datePublished":"2024-01-26T16:19:12+00:00","dateModified":"2024-05-31T14:44:06+00:00","breadcrumb":{"@id":"https:\/\/creoq.com\/fr\/art-touch-at-creoq\/#breadcrumb"},"inLanguage":"fr-FR","potentialAction":[{"@type":"ReadAction","target":["https:\/\/creoq.com\/fr\/art-touch-at-creoq\/"]}]},{"@type":"BreadcrumbList","@id":"https:\/\/creoq.com\/fr\/art-touch-at-creoq\/#breadcrumb","itemListElement":[{"@type":"ListItem","position":1,"name":"Home","item":"https:\/\/creoq.com\/fr\/"},{"@type":"ListItem","position":2,"name":"L&#8217;art au CREOQ"}]},{"@type":"WebSite","@id":"https:\/\/creoq.com\/fr\/#website","url":"https:\/\/creoq.com\/fr\/","name":"Centre de Reconstruction Esth\u00e9tique et Orthopedic du Qu\u00e9bec","description":"","potentialAction":[{"@type":"SearchAction","target":{"@type":"EntryPoint","urlTemplate":"https:\/\/creoq.com\/fr\/?s={search_term_string}"},"query-input":"required name=search_term_string"}],"inLanguage":"fr-FR"}]}},"_links":{"self":[{"href":"https:\/\/creoq.com\/fr\/wp-json\/wp\/v2\/pages\/265","targetHints":{"allow":["GET"]}}],"collection":[{"href":"https:\/\/creoq.com\/fr\/wp-json\/wp\/v2\/pages"}],"about":[{"href":"https:\/\/creoq.com\/fr\/wp-json\/wp\/v2\/types\/page"}],"author":[{"embeddable":true,"href":"https:\/\/creoq.com\/fr\/wp-json\/wp\/v2\/users\/3"}],"replies":[{"embeddable":true,"href":"https:\/\/creoq.com\/fr\/wp-json\/wp\/v2\/comments?post=265"}],"version-history":[{"count":10,"href":"https:\/\/creoq.com\/fr\/wp-json\/wp\/v2\/pages\/265\/revisions"}],"predecessor-version":[{"id":525,"href":"https:\/\/creoq.com\/fr\/wp-json\/wp\/v2\/pages\/265\/revisions\/525"}],"wp:attachment":[{"href":"https:\/\/creoq.com\/fr\/wp-json\/wp\/v2\/media?parent=265"}],"curies":[{"name":"wp","href":"https:\/\/api.w.org\/{rel}","templated":true}]}}