{"id":367,"date":"2024-05-01T14:49:43","date_gmt":"2024-05-01T14:49:43","guid":{"rendered":"https:\/\/creoq.com\/?page_id=367"},"modified":"2025-11-03T15:26:25","modified_gmt":"2025-11-03T15:26:25","slug":"services-aux-chirurgiens","status":"publish","type":"page","link":"https:\/\/creoq.com\/fr\/services-aux-chirurgiens\/","title":{"rendered":"Services aux chirurgiens"},"content":{"rendered":"<section class=\"wpb-content-wrapper\"><p>[vc_row css_animation=&#8221;&#8221; row_type=&#8221;row&#8221; use_row_as_full_screen_section=&#8221;no&#8221; type=&#8221;grid&#8221; angled_section=&#8221;no&#8221; text_align=&#8221;left&#8221; background_image_as_pattern=&#8221;without_pattern&#8221; z_index=&#8221;&#8221;][vc_column width=&#8221;1\/2&#8243;][vc_single_image image=&#8221;24&#8243; img_size=&#8221;full&#8221; alignment=&#8221;center&#8221; qode_css_animation=&#8221;&#8221;][\/vc_column][vc_column width=&#8221;1\/2&#8243;][vc_column_text]<\/p>\n<h2>NOS SERVICES<\/h2>\n<p>Notre engagement envers l\u2019excellence des soins de sant\u00e9 se refl\u00e8te dans la gamme compl\u00e8te de traitements et de proc\u00e9dures sp\u00e9cialis\u00e9s que sont effectu\u00e9s dans notre centre. Grace a une \u00e9quipe d\u00e9vou\u00e9e de chirurgiens hautement qualifi\u00e9s, ainsi que l\u2019utilisation d\u2019une technologie de pointe, nous offrons des chirurgies orthop\u00e9diques, des chirurgies plastiques, ainsi que toute autre chirurgie sp\u00e9cialis\u00e9e.[\/vc_column_text][\/vc_column][\/vc_row][vc_row css_animation=&#8221;&#8221; row_type=&#8221;row&#8221; use_row_as_full_screen_section=&#8221;no&#8221; type=&#8221;grid&#8221; angled_section=&#8221;no&#8221; text_align=&#8221;left&#8221; background_image_as_pattern=&#8221;without_pattern&#8221; z_index=&#8221;&#8221;][vc_column][vc_column_text]<\/p>\n<h2>Pour les patients<\/h2>\n<p>Avec notre \u00e9quipe de chirurgiens exp\u00e9riment\u00e9s et notre technologie de pointe, nous nous engageons \u00e0 restaurer la mobilit\u00e9 et \u00e0 am\u00e9liorer la qualit\u00e9 de vie des patients. Nous vous offrons une exp\u00e9rience cl\u00e9 en main pour minimiser le stress et maximiser la gu\u00e9rison des patients.<\/p>\n<h2>Pour les chirurgiens<\/h2>\n<p>Nous offrons une gamme compl\u00e8te de services adapt\u00e9s aux besoins des professionnels de la sant\u00e9, afin d\u2019assurer une coordination harmonieuse des interventions chirurgicales pr\u00e9vues. Nous proposons notamment la location de salles d\u2019op\u00e9ration ainsi que des soins pr\u00e9 et postop\u00e9ratoires complets, con\u00e7us pour soutenir les patients tout au long de leur parcours chirurgical. Cela comprend une consultation virtuelle avec l\u2019un de nos chirurgiens de renomm\u00e9e mondiale et des soins pr\u00e9op\u00e9ratoires et postop\u00e9ratoires approfondis, con\u00e7us pour accompagner les patients tout au long de leur parcours chirurgical.<\/p>\n<p>[\/vc_column_text][\/vc_column][\/vc_row][vc_row css_animation=&#8221;&#8221; row_type=&#8221;row&#8221; use_row_as_full_screen_section=&#8221;no&#8221; type=&#8221;grid&#8221; angled_section=&#8221;no&#8221; text_align=&#8221;left&#8221; background_image_as_pattern=&#8221;without_pattern&#8221; el_id=&#8221;offer&#8221; z_index=&#8221;&#8221;][vc_column][vc_column_text]<\/p>\n<h2>NOS INSTALLATIONS SONT PROPOS\u00c9ES AUX PROFESSIONNELS M\u00c9DICAUX<\/h2>\n<ul class=\"checkmarks sur\">\n<li>Chirurgiens<\/li>\n<li>Contrats avec les centres hospitaliers<\/li>\n<\/ul>\n<p>[\/vc_column_text][vc_empty_space height=&#8221;40px&#8221;][vc_column_text]<\/p>\n<h2>NOS INSTALLATIONS OFFRENT LES MEILLEURS SOINS DE CHIRURGIE ORTHOP\u00c9DIQUE ET PLASTIQUE POUR LES<\/h2>\n<ul class=\"checkmarks colz-2\">\n<li>Patients de partout au Canada, aux \u00c9tats-Unis et \u00e0 l\u2019\u00e9tranger<\/li>\n<li>Installations de pointe pour les chirurgiens<\/li>\n<li>Contrats avec des h\u00f4pitaux pour r\u00e9duire les temps d\u2019attente dans le secteur public<\/li>\n<\/ul>\n<p>[\/vc_column_text][vc_empty_space height=&#8221;40px&#8221;][vc_column_text]<\/p>\n<h2>NOUS OFFRONS DES SOINS COMPLETS \u00c0 VOS PATIENTS TOUT AU LONG DE LEUR PARCOURS CHIRURGICAL<\/h2>\n<ul class=\"checkmarks colz-2\">\n<li>Soins et pr\u00e9paration pr\u00e9op\u00e9ratoires avec une infirmi\u00e8re d\u00e9di\u00e9e<\/li>\n<li>Salles d\u2019op\u00e9ration dot\u00e9es d\u2019\u00e9quipements chirurgicaux haut de gamme<\/li>\n<li>Soins postop\u00e9ratoires avec une infirmi\u00e8re d\u00e9di\u00e9e<\/li>\n<li>Nuit\u00e9es pour les patients<\/li>\n<\/ul>\n<p>[\/vc_column_text][\/vc_column][\/vc_row][vc_row css_animation=&#8221;&#8221; row_type=&#8221;row&#8221; use_row_as_full_screen_section=&#8221;no&#8221; type=&#8221;full_width&#8221; angled_section=&#8221;no&#8221; text_align=&#8221;left&#8221; background_image_as_pattern=&#8221;without_pattern&#8221; el_class=&#8221;global&#8221; z_index=&#8221;&#8221;][vc_column][vc_row css_animation=\"\" row_type=\"row\" use_row_as_full_screen_section=\"no\" type=\"grid\" angled_section=\"no\" text_align=\"left\" background_image_as_pattern=\"without_pattern\" z_index=\"\" el_id=\"get\"][vc_column][vc_column_text]\r\n<h2>CONTACT<\/h2>\r\nVous pouvez nous rejoindre par t\u00e9l\u00e9phone au <a href=\"tel:5143167116\">514-316-7116<\/a> ou en remplissant notre <a href=\"https:\/\/creoq.com\/fr\/contact\/\">formulaire de contact<\/a> en ligne.[\/vc_column_text][\/vc_column][\/vc_row][\/vc_column][\/vc_row]<\/p>\n<\/section>","protected":false},"excerpt":{"rendered":"<p>[vc_row css_animation=&#8221;&#8221; row_type=&#8221;row&#8221; use_row_as_full_screen_section=&#8221;no&#8221; type=&#8221;grid&#8221; angled_section=&#8221;no&#8221; text_align=&#8221;left&#8221; background_image_as_pattern=&#8221;without_pattern&#8221; z_index=&#8221;&#8221;][vc_column width=&#8221;1\/2&#8243;][vc_single_image image=&#8221;24&#8243; img_size=&#8221;full&#8221; alignment=&#8221;center&#8221; qode_css_animation=&#8221;&#8221;][\/vc_column][vc_column width=&#8221;1\/2&#8243;][vc_column_text] NOS SERVICES Notre engagement envers l\u2019excellence des soins de sant\u00e9 se refl\u00e8te dans la gamme compl\u00e8te de traitements et de proc\u00e9dures sp\u00e9cialis\u00e9s que sont effectu\u00e9s dans notre centre. Grace a&#8230;<\/p>\n","protected":false},"author":3,"featured_media":0,"parent":0,"menu_order":0,"comment_status":"closed","ping_status":"closed","template":"full_width.php","meta":{"footnotes":""},"class_list":["post-367","page","type-page","status-publish","hentry"],"acf":[],"yoast_head":"<!-- This site is optimized with the Yoast SEO plugin v22.8 - https:\/\/yoast.com\/wordpress\/plugins\/seo\/ -->\n<title>Services aux chirurgiens | Centre de Reconstruction Esth\u00e9tique et Orthopedic du Qu\u00e9bec<\/title>\n<meta name=\"robots\" content=\"index, follow, max-snippet:-1, max-image-preview:large, max-video-preview:-1\" \/>\n<link rel=\"canonical\" href=\"https:\/\/creoq.com\/fr\/services-aux-chirurgiens\/\" \/>\n<meta property=\"og:locale\" content=\"fr_FR\" \/>\n<meta property=\"og:type\" content=\"article\" \/>\n<meta property=\"og:title\" content=\"Services aux chirurgiens | Centre de Reconstruction Esth\u00e9tique et Orthopedic du Qu\u00e9bec\" \/>\n<meta property=\"og:description\" content=\"[vc_row css_animation=&#8221;&#8221; row_type=&#8221;row&#8221; use_row_as_full_screen_section=&#8221;no&#8221; type=&#8221;grid&#8221; angled_section=&#8221;no&#8221; text_align=&#8221;left&#8221; background_image_as_pattern=&#8221;without_pattern&#8221; z_index=&#8221;&#8221;][vc_column width=&#8221;1\/2&#8243;][vc_single_image image=&#8221;24&#8243; img_size=&#8221;full&#8221; alignment=&#8221;center&#8221; qode_css_animation=&#8221;&#8221;][\/vc_column][vc_column width=&#8221;1\/2&#8243;][vc_column_text] NOS SERVICES Notre engagement envers l\u2019excellence des soins de sant\u00e9 se refl\u00e8te dans la gamme compl\u00e8te de traitements et de proc\u00e9dures sp\u00e9cialis\u00e9s que sont effectu\u00e9s dans notre centre. Grace a...\" \/>\n<meta property=\"og:url\" content=\"https:\/\/creoq.com\/fr\/services-aux-chirurgiens\/\" \/>\n<meta property=\"og:site_name\" content=\"Centre de Reconstruction Esth\u00e9tique et Orthopedic du Qu\u00e9bec\" \/>\n<meta property=\"article:modified_time\" content=\"2025-11-03T15:26:25+00:00\" \/>\n<meta property=\"og:image\" content=\"https:\/\/creoq.com\/wp-content\/uploads\/2024\/05\/creoq.jpg\" \/>\n\t<meta property=\"og:image:width\" content=\"1200\" \/>\n\t<meta property=\"og:image:height\" content=\"675\" \/>\n\t<meta property=\"og:image:type\" content=\"image\/jpeg\" \/>\n<meta name=\"twitter:card\" content=\"summary_large_image\" \/>\n<meta name=\"twitter:label1\" content=\"Est. reading time\" \/>\n\t<meta name=\"twitter:data1\" content=\"2 minutes\" \/>\n<script type=\"application\/ld+json\" class=\"yoast-schema-graph\">{\"@context\":\"https:\/\/schema.org\",\"@graph\":[{\"@type\":\"WebPage\",\"@id\":\"https:\/\/creoq.com\/fr\/services-aux-chirurgiens\/\",\"url\":\"https:\/\/creoq.com\/fr\/services-aux-chirurgiens\/\",\"name\":\"Services aux chirurgiens | Centre de Reconstruction Esth\u00e9tique et Orthopedic du Qu\u00e9bec\",\"isPartOf\":{\"@id\":\"https:\/\/creoq.com\/fr\/#website\"},\"datePublished\":\"2024-05-01T14:49:43+00:00\",\"dateModified\":\"2025-11-03T15:26:25+00:00\",\"breadcrumb\":{\"@id\":\"https:\/\/creoq.com\/fr\/services-aux-chirurgiens\/#breadcrumb\"},\"inLanguage\":\"fr-FR\",\"potentialAction\":[{\"@type\":\"ReadAction\",\"target\":[\"https:\/\/creoq.com\/fr\/services-aux-chirurgiens\/\"]}]},{\"@type\":\"BreadcrumbList\",\"@id\":\"https:\/\/creoq.com\/fr\/services-aux-chirurgiens\/#breadcrumb\",\"itemListElement\":[{\"@type\":\"ListItem\",\"position\":1,\"name\":\"Home\",\"item\":\"https:\/\/creoq.com\/fr\/\"},{\"@type\":\"ListItem\",\"position\":2,\"name\":\"Services aux chirurgiens\"}]},{\"@type\":\"WebSite\",\"@id\":\"https:\/\/creoq.com\/fr\/#website\",\"url\":\"https:\/\/creoq.com\/fr\/\",\"name\":\"Centre de Reconstruction Esth\u00e9tique et Orthopedic du Qu\u00e9bec\",\"description\":\"\",\"potentialAction\":[{\"@type\":\"SearchAction\",\"target\":{\"@type\":\"EntryPoint\",\"urlTemplate\":\"https:\/\/creoq.com\/fr\/?s={search_term_string}\"},\"query-input\":\"required name=search_term_string\"}],\"inLanguage\":\"fr-FR\"}]}<\/script>\n<!-- \/ Yoast SEO plugin. -->","yoast_head_json":{"title":"Services aux chirurgiens | Centre de Reconstruction Esth\u00e9tique et Orthopedic du Qu\u00e9bec","robots":{"index":"index","follow":"follow","max-snippet":"max-snippet:-1","max-image-preview":"max-image-preview:large","max-video-preview":"max-video-preview:-1"},"canonical":"https:\/\/creoq.com\/fr\/services-aux-chirurgiens\/","og_locale":"fr_FR","og_type":"article","og_title":"Services aux chirurgiens | Centre de Reconstruction Esth\u00e9tique et Orthopedic du Qu\u00e9bec","og_description":"[vc_row css_animation=&#8221;&#8221; row_type=&#8221;row&#8221; use_row_as_full_screen_section=&#8221;no&#8221; type=&#8221;grid&#8221; angled_section=&#8221;no&#8221; text_align=&#8221;left&#8221; background_image_as_pattern=&#8221;without_pattern&#8221; z_index=&#8221;&#8221;][vc_column width=&#8221;1\/2&#8243;][vc_single_image image=&#8221;24&#8243; img_size=&#8221;full&#8221; alignment=&#8221;center&#8221; qode_css_animation=&#8221;&#8221;][\/vc_column][vc_column width=&#8221;1\/2&#8243;][vc_column_text] NOS SERVICES Notre engagement envers l\u2019excellence des soins de sant\u00e9 se refl\u00e8te dans la gamme compl\u00e8te de traitements et de proc\u00e9dures sp\u00e9cialis\u00e9s que sont effectu\u00e9s dans notre centre. Grace a...","og_url":"https:\/\/creoq.com\/fr\/services-aux-chirurgiens\/","og_site_name":"Centre de Reconstruction Esth\u00e9tique et Orthopedic du Qu\u00e9bec","article_modified_time":"2025-11-03T15:26:25+00:00","og_image":[{"width":1200,"height":675,"url":"https:\/\/creoq.com\/wp-content\/uploads\/2024\/05\/creoq.jpg","type":"image\/jpeg"}],"twitter_card":"summary_large_image","twitter_misc":{"Est. reading time":"2 minutes"},"schema":{"@context":"https:\/\/schema.org","@graph":[{"@type":"WebPage","@id":"https:\/\/creoq.com\/fr\/services-aux-chirurgiens\/","url":"https:\/\/creoq.com\/fr\/services-aux-chirurgiens\/","name":"Services aux chirurgiens | Centre de Reconstruction Esth\u00e9tique et Orthopedic du Qu\u00e9bec","isPartOf":{"@id":"https:\/\/creoq.com\/fr\/#website"},"datePublished":"2024-05-01T14:49:43+00:00","dateModified":"2025-11-03T15:26:25+00:00","breadcrumb":{"@id":"https:\/\/creoq.com\/fr\/services-aux-chirurgiens\/#breadcrumb"},"inLanguage":"fr-FR","potentialAction":[{"@type":"ReadAction","target":["https:\/\/creoq.com\/fr\/services-aux-chirurgiens\/"]}]},{"@type":"BreadcrumbList","@id":"https:\/\/creoq.com\/fr\/services-aux-chirurgiens\/#breadcrumb","itemListElement":[{"@type":"ListItem","position":1,"name":"Home","item":"https:\/\/creoq.com\/fr\/"},{"@type":"ListItem","position":2,"name":"Services aux chirurgiens"}]},{"@type":"WebSite","@id":"https:\/\/creoq.com\/fr\/#website","url":"https:\/\/creoq.com\/fr\/","name":"Centre de Reconstruction Esth\u00e9tique et Orthopedic du Qu\u00e9bec","description":"","potentialAction":[{"@type":"SearchAction","target":{"@type":"EntryPoint","urlTemplate":"https:\/\/creoq.com\/fr\/?s={search_term_string}"},"query-input":"required name=search_term_string"}],"inLanguage":"fr-FR"}]}},"_links":{"self":[{"href":"https:\/\/creoq.com\/fr\/wp-json\/wp\/v2\/pages\/367","targetHints":{"allow":["GET"]}}],"collection":[{"href":"https:\/\/creoq.com\/fr\/wp-json\/wp\/v2\/pages"}],"about":[{"href":"https:\/\/creoq.com\/fr\/wp-json\/wp\/v2\/types\/page"}],"author":[{"embeddable":true,"href":"https:\/\/creoq.com\/fr\/wp-json\/wp\/v2\/users\/3"}],"replies":[{"embeddable":true,"href":"https:\/\/creoq.com\/fr\/wp-json\/wp\/v2\/comments?post=367"}],"version-history":[{"count":9,"href":"https:\/\/creoq.com\/fr\/wp-json\/wp\/v2\/pages\/367\/revisions"}],"predecessor-version":[{"id":794,"href":"https:\/\/creoq.com\/fr\/wp-json\/wp\/v2\/pages\/367\/revisions\/794"}],"wp:attachment":[{"href":"https:\/\/creoq.com\/fr\/wp-json\/wp\/v2\/media?parent=367"}],"curies":[{"name":"wp","href":"https:\/\/api.w.org\/{rel}","templated":true}]}}