{"id":607,"date":"2025-10-29T15:30:44","date_gmt":"2025-10-29T15:30:44","guid":{"rendered":"https:\/\/creoq.com\/agrement-canada\/"},"modified":"2025-10-29T16:59:10","modified_gmt":"2025-10-29T16:59:10","slug":"agrement-canada","status":"publish","type":"page","link":"https:\/\/creoq.com\/fr\/agrement-canada\/","title":{"rendered":"Agr\u00e9ment Canada"},"content":{"rendered":"<section class=\"wpb-content-wrapper\"><p>[vc_row css_animation=&#8221;&#8221; row_type=&#8221;row&#8221; use_row_as_full_screen_section=&#8221;no&#8221; type=&#8221;grid&#8221; angled_section=&#8221;no&#8221; text_align=&#8221;left&#8221; background_image_as_pattern=&#8221;without_pattern&#8221; z_index=&#8221;&#8221;][vc_column][vc_column_text]<\/p>\n<h2>Agr\u00e9ment Canada<\/h2>\n<h3>CREOQ obtient la plus haute distinction : Agr\u00e9\u00e9 avec mention d\u2019honneur<\/h3>\n<p>Le Centre de Reconstruction Esth\u00e9tique et Orthop\u00e9dique du Qu\u00e9bec (CREOQ) est fier d\u2019annoncer qu\u2019il a re\u00e7u le statut \u201cAgr\u00e9\u00e9 avec mention d\u2019honneur\u201d d\u2019Agr\u00e9ment Canada, le plus haut niveau d\u2019agr\u00e9ment possible. Cette prestigieuse reconnaissance d\u00e9montre notre engagement in\u00e9branlable \u00e0 fournir des services de sant\u00e9 exceptionnels et \u00e0 maintenir les plus hauts standards de qualit\u00e9 et de s\u00e9curit\u00e9.<\/p>\n<p><img loading=\"lazy\" decoding=\"async\" class=\"aligncenter size-medium wp-image-558\" src=\"https:\/\/creoq.com\/wp-content\/uploads\/2025\/10\/acc-300x300.png\" alt=\"\" width=\"300\" height=\"300\" srcset=\"https:\/\/creoq.com\/wp-content\/uploads\/2025\/10\/acc-300x300.png 300w, https:\/\/creoq.com\/wp-content\/uploads\/2025\/10\/acc-150x150.png 150w, https:\/\/creoq.com\/wp-content\/uploads\/2025\/10\/acc-768x768.png 768w, https:\/\/creoq.com\/wp-content\/uploads\/2025\/10\/acc-570x570.png 570w, https:\/\/creoq.com\/wp-content\/uploads\/2025\/10\/acc-500x500.png 500w, https:\/\/creoq.com\/wp-content\/uploads\/2025\/10\/acc-700x700.png 700w, https:\/\/creoq.com\/wp-content\/uploads\/2025\/10\/acc.png 800w\" sizes=\"auto, (max-width: 300px) 100vw, 300px\" \/>[\/vc_column_text][vc_column_text]<\/p>\n<h3>Processus d\u2019\u00e9valuation<\/h3>\n<p>Suite \u00e0 une \u00e9valuation compl\u00e8te sur place men\u00e9e du 16 au 17 janvier 2025, l\u2019\u00e9valuation approfondie d\u2019Agr\u00e9ment Canada a confirm\u00e9 que CREOQ a atteint l\u2019excellence dans sa conformit\u00e9 aux normes de soins de sant\u00e9 nationales et mondiales. Cette \u00e9valuation faisait partie du programme Qmentum Global\u2122, qui \u00e9value les organisations de sant\u00e9 selon des normes rigoureuses de qualit\u00e9 et de s\u00e9curit\u00e9.<\/p>\n<h3>Ce que cela signifie pour nos patients<\/h3>\n<p>Cette r\u00e9alisation exceptionnelle refl\u00e8te notre d\u00e9vouement \u00e0 :<\/p>\n<ul class=\"checkmarks\">\n<li>Fournir des services de sant\u00e9 s\u00e9curitaires et de haute qualit\u00e9<\/li>\n<li>Maintenir l\u2019excellence dans les soins centr\u00e9s sur le patient<\/li>\n<li>Mettre en \u0153uvre des pratiques de soins de sant\u00e9 innovantes<\/li>\n<li>Assurer l\u2019am\u00e9lioration continue de la qualit\u00e9<\/li>\n<li>Respecter et d\u00e9passer les normes de soins de sant\u00e9 nationales et internationales<\/li>\n<\/ul>\n<h3>\u00c0 propos d\u2019Agr\u00e9ment Canada<\/h3>\n<p>Agr\u00e9ment Canada est un organisme sans but lucratif mondialement reconnu qui \u00e9tablit des normes de qualit\u00e9 en mati\u00e8re de soins de sant\u00e9 depuis plus de 60 ans. Leurs programmes d\u2019\u00e9valuation complets \u00e9valuent les \u00e9tablissements de sant\u00e9 dans divers domaines, notamment la s\u00e9curit\u00e9 des patients, la qualit\u00e9 des soins et l\u2019efficacit\u00e9 organisationnelle.<\/p>\n<p>Ce statut d\u2019agr\u00e9ment repr\u00e9sente le plus haut niveau de performance possible et d\u00e9montre l\u2019excellence du CREOQ dans le respect et le d\u00e9passement des exigences du programme d\u2019agr\u00e9ment. Nous sommes fiers d\u2019\u00eatre reconnus comme un leader en mati\u00e8re de qualit\u00e9 et de s\u00e9curit\u00e9 des soins de sant\u00e9, et nous restons engag\u00e9s \u00e0 maintenir ces normes exceptionnelles pour nos patients et notre communaut\u00e9.<\/p>\n<h3>Notre engagement<\/h3>\n<p>Au CREOQ, cette r\u00e9alisation renforce notre engagement continu envers :<\/p>\n<ul class=\"checkmarks\">\n<li>L\u2019excellence dans les soins aux patients<\/li>\n<li>L\u2019am\u00e9lioration continue de la qualit\u00e9<\/li>\n<li>L\u2019innovation dans la prestation des soins de sant\u00e9<\/li>\n<li>Des pratiques chirurgicales s\u00fbres et efficaces<\/li>\n<li>Des exp\u00e9riences patients exceptionnelles<\/li>\n<li>L\u2019optimisation de l\u2019acc\u00e8s aux soins de sant\u00e9 pour la population qu\u00e9b\u00e9coise \u00e0 travers notre collaboration \u00e9troite avec le syst\u00e8me de sant\u00e9 public<\/li>\n<\/ul>\n<p>Notre partenariat avec le syst\u00e8me de sant\u00e9 public, notamment avec l\u2019H\u00f4pital Sainte-Justine, d\u00e9montre notre engagement profond \u00e0 contribuer \u00e0 la r\u00e9duction des listes d\u2019attente et \u00e0 am\u00e9liorer l\u2019acc\u00e8s aux soins chirurgicaux pour tous les Qu\u00e9b\u00e9cois. En 2024, nous avons r\u00e9alis\u00e9 plus de 300 cas d\u2019orthop\u00e9die p\u00e9diatrique, illustrant notre d\u00e9termination \u00e0 soutenir activement le r\u00e9seau public de sant\u00e9 dans sa mission essentielle.<\/p>\n<p>Pour plus d\u2019informations sur nos services et notre engagement envers l\u2019excellence, n\u2019h\u00e9sitez pas \u00e0 nous contacter.[\/vc_column_text][vc_empty_space]<a  itemprop=\"url\" href=\"\/wp-content\/uploads\/2025\/10\/CREOQ-rapport.pdf\" target=\"_blank\"  class=\"qbutton  center default center-button\" style=\"margin: 0 auto; \">Rapport complet<i class=\"qode_icon_font_awesome fa fa-arrow-circle-o-down qode_button_icon_element\" style=\"\" ><\/i><\/a>[\/vc_column][\/vc_row]<\/p>\n<\/section>","protected":false},"excerpt":{"rendered":"<p>[vc_row css_animation=&#8221;&#8221; row_type=&#8221;row&#8221; use_row_as_full_screen_section=&#8221;no&#8221; type=&#8221;grid&#8221; angled_section=&#8221;no&#8221; text_align=&#8221;left&#8221; background_image_as_pattern=&#8221;without_pattern&#8221; z_index=&#8221;&#8221;][vc_column][vc_column_text] Agr\u00e9ment Canada CREOQ obtient la plus haute distinction : Agr\u00e9\u00e9 avec mention d\u2019honneur Le Centre de Reconstruction Esth\u00e9tique et Orthop\u00e9dique du Qu\u00e9bec (CREOQ) est fier d\u2019annoncer qu\u2019il a re\u00e7u le statut \u201cAgr\u00e9\u00e9 avec mention d\u2019honneur\u201d d\u2019Agr\u00e9ment&#8230;<\/p>\n","protected":false},"author":3,"featured_media":0,"parent":0,"menu_order":0,"comment_status":"closed","ping_status":"closed","template":"full_width.php","meta":{"footnotes":""},"class_list":["post-607","page","type-page","status-publish","hentry"],"acf":[],"yoast_head":"<!-- This site is optimized with the Yoast SEO plugin v22.8 - https:\/\/yoast.com\/wordpress\/plugins\/seo\/ -->\n<title>Agr\u00e9ment Canada | Centre de Reconstruction Esth\u00e9tique et Orthopedic du Qu\u00e9bec<\/title>\n<meta name=\"robots\" content=\"index, follow, max-snippet:-1, max-image-preview:large, max-video-preview:-1\" \/>\n<link rel=\"canonical\" href=\"https:\/\/creoq.com\/fr\/agrement-canada\/\" \/>\n<meta property=\"og:locale\" content=\"fr_FR\" \/>\n<meta property=\"og:type\" content=\"article\" \/>\n<meta property=\"og:title\" content=\"Agr\u00e9ment Canada | Centre de Reconstruction Esth\u00e9tique et Orthopedic du Qu\u00e9bec\" \/>\n<meta property=\"og:description\" content=\"[vc_row css_animation=&#8221;&#8221; row_type=&#8221;row&#8221; use_row_as_full_screen_section=&#8221;no&#8221; type=&#8221;grid&#8221; angled_section=&#8221;no&#8221; text_align=&#8221;left&#8221; background_image_as_pattern=&#8221;without_pattern&#8221; z_index=&#8221;&#8221;][vc_column][vc_column_text] Agr\u00e9ment Canada CREOQ obtient la plus haute distinction : Agr\u00e9\u00e9 avec mention d\u2019honneur Le Centre de Reconstruction Esth\u00e9tique et Orthop\u00e9dique du Qu\u00e9bec (CREOQ) est fier d\u2019annoncer qu\u2019il a re\u00e7u le statut \u201cAgr\u00e9\u00e9 avec mention d\u2019honneur\u201d d\u2019Agr\u00e9ment...\" \/>\n<meta property=\"og:url\" content=\"https:\/\/creoq.com\/fr\/agrement-canada\/\" \/>\n<meta property=\"og:site_name\" content=\"Centre de Reconstruction Esth\u00e9tique et Orthopedic du Qu\u00e9bec\" \/>\n<meta property=\"article:modified_time\" content=\"2025-10-29T16:59:10+00:00\" \/>\n<meta property=\"og:image\" content=\"https:\/\/creoq.dmytro.pro\/wp-content\/uploads\/2025\/10\/acc-300x300.png\" \/>\n<meta name=\"twitter:card\" content=\"summary_large_image\" \/>\n<meta name=\"twitter:label1\" content=\"Est. reading time\" \/>\n\t<meta name=\"twitter:data1\" content=\"3 minutes\" \/>\n<script type=\"application\/ld+json\" class=\"yoast-schema-graph\">{\"@context\":\"https:\/\/schema.org\",\"@graph\":[{\"@type\":\"WebPage\",\"@id\":\"https:\/\/creoq.com\/fr\/agrement-canada\/\",\"url\":\"https:\/\/creoq.com\/fr\/agrement-canada\/\",\"name\":\"Agr\u00e9ment Canada | Centre de Reconstruction Esth\u00e9tique et Orthopedic du Qu\u00e9bec\",\"isPartOf\":{\"@id\":\"https:\/\/creoq.com\/fr\/#website\"},\"primaryImageOfPage\":{\"@id\":\"https:\/\/creoq.com\/fr\/agrement-canada\/#primaryimage\"},\"image\":{\"@id\":\"https:\/\/creoq.com\/fr\/agrement-canada\/#primaryimage\"},\"thumbnailUrl\":\"https:\/\/creoq.com\/wp-content\/uploads\/2025\/10\/acc-300x300.png\",\"datePublished\":\"2025-10-29T15:30:44+00:00\",\"dateModified\":\"2025-10-29T16:59:10+00:00\",\"breadcrumb\":{\"@id\":\"https:\/\/creoq.com\/fr\/agrement-canada\/#breadcrumb\"},\"inLanguage\":\"fr-FR\",\"potentialAction\":[{\"@type\":\"ReadAction\",\"target\":[\"https:\/\/creoq.com\/fr\/agrement-canada\/\"]}]},{\"@type\":\"ImageObject\",\"inLanguage\":\"fr-FR\",\"@id\":\"https:\/\/creoq.com\/fr\/agrement-canada\/#primaryimage\",\"url\":\"https:\/\/creoq.com\/wp-content\/uploads\/2025\/10\/acc-300x300.png\",\"contentUrl\":\"https:\/\/creoq.com\/wp-content\/uploads\/2025\/10\/acc-300x300.png\"},{\"@type\":\"BreadcrumbList\",\"@id\":\"https:\/\/creoq.com\/fr\/agrement-canada\/#breadcrumb\",\"itemListElement\":[{\"@type\":\"ListItem\",\"position\":1,\"name\":\"Home\",\"item\":\"https:\/\/creoq.com\/fr\/\"},{\"@type\":\"ListItem\",\"position\":2,\"name\":\"Agr\u00e9ment Canada\"}]},{\"@type\":\"WebSite\",\"@id\":\"https:\/\/creoq.com\/fr\/#website\",\"url\":\"https:\/\/creoq.com\/fr\/\",\"name\":\"Centre de Reconstruction Esth\u00e9tique et Orthopedic du Qu\u00e9bec\",\"description\":\"\",\"potentialAction\":[{\"@type\":\"SearchAction\",\"target\":{\"@type\":\"EntryPoint\",\"urlTemplate\":\"https:\/\/creoq.com\/fr\/?s={search_term_string}\"},\"query-input\":\"required name=search_term_string\"}],\"inLanguage\":\"fr-FR\"}]}<\/script>\n<!-- \/ Yoast SEO plugin. -->","yoast_head_json":{"title":"Agr\u00e9ment Canada | Centre de Reconstruction Esth\u00e9tique et Orthopedic du Qu\u00e9bec","robots":{"index":"index","follow":"follow","max-snippet":"max-snippet:-1","max-image-preview":"max-image-preview:large","max-video-preview":"max-video-preview:-1"},"canonical":"https:\/\/creoq.com\/fr\/agrement-canada\/","og_locale":"fr_FR","og_type":"article","og_title":"Agr\u00e9ment Canada | Centre de Reconstruction Esth\u00e9tique et Orthopedic du Qu\u00e9bec","og_description":"[vc_row css_animation=&#8221;&#8221; row_type=&#8221;row&#8221; use_row_as_full_screen_section=&#8221;no&#8221; type=&#8221;grid&#8221; angled_section=&#8221;no&#8221; text_align=&#8221;left&#8221; background_image_as_pattern=&#8221;without_pattern&#8221; z_index=&#8221;&#8221;][vc_column][vc_column_text] Agr\u00e9ment Canada CREOQ obtient la plus haute distinction : Agr\u00e9\u00e9 avec mention d\u2019honneur Le Centre de Reconstruction Esth\u00e9tique et Orthop\u00e9dique du Qu\u00e9bec (CREOQ) est fier d\u2019annoncer qu\u2019il a re\u00e7u le statut \u201cAgr\u00e9\u00e9 avec mention d\u2019honneur\u201d d\u2019Agr\u00e9ment...","og_url":"https:\/\/creoq.com\/fr\/agrement-canada\/","og_site_name":"Centre de Reconstruction Esth\u00e9tique et Orthopedic du Qu\u00e9bec","article_modified_time":"2025-10-29T16:59:10+00:00","og_image":[{"url":"https:\/\/creoq.dmytro.pro\/wp-content\/uploads\/2025\/10\/acc-300x300.png"}],"twitter_card":"summary_large_image","twitter_misc":{"Est. reading time":"3 minutes"},"schema":{"@context":"https:\/\/schema.org","@graph":[{"@type":"WebPage","@id":"https:\/\/creoq.com\/fr\/agrement-canada\/","url":"https:\/\/creoq.com\/fr\/agrement-canada\/","name":"Agr\u00e9ment Canada | Centre de Reconstruction Esth\u00e9tique et Orthopedic du Qu\u00e9bec","isPartOf":{"@id":"https:\/\/creoq.com\/fr\/#website"},"primaryImageOfPage":{"@id":"https:\/\/creoq.com\/fr\/agrement-canada\/#primaryimage"},"image":{"@id":"https:\/\/creoq.com\/fr\/agrement-canada\/#primaryimage"},"thumbnailUrl":"https:\/\/creoq.com\/wp-content\/uploads\/2025\/10\/acc-300x300.png","datePublished":"2025-10-29T15:30:44+00:00","dateModified":"2025-10-29T16:59:10+00:00","breadcrumb":{"@id":"https:\/\/creoq.com\/fr\/agrement-canada\/#breadcrumb"},"inLanguage":"fr-FR","potentialAction":[{"@type":"ReadAction","target":["https:\/\/creoq.com\/fr\/agrement-canada\/"]}]},{"@type":"ImageObject","inLanguage":"fr-FR","@id":"https:\/\/creoq.com\/fr\/agrement-canada\/#primaryimage","url":"https:\/\/creoq.com\/wp-content\/uploads\/2025\/10\/acc-300x300.png","contentUrl":"https:\/\/creoq.com\/wp-content\/uploads\/2025\/10\/acc-300x300.png"},{"@type":"BreadcrumbList","@id":"https:\/\/creoq.com\/fr\/agrement-canada\/#breadcrumb","itemListElement":[{"@type":"ListItem","position":1,"name":"Home","item":"https:\/\/creoq.com\/fr\/"},{"@type":"ListItem","position":2,"name":"Agr\u00e9ment Canada"}]},{"@type":"WebSite","@id":"https:\/\/creoq.com\/fr\/#website","url":"https:\/\/creoq.com\/fr\/","name":"Centre de Reconstruction Esth\u00e9tique et Orthopedic du Qu\u00e9bec","description":"","potentialAction":[{"@type":"SearchAction","target":{"@type":"EntryPoint","urlTemplate":"https:\/\/creoq.com\/fr\/?s={search_term_string}"},"query-input":"required name=search_term_string"}],"inLanguage":"fr-FR"}]}},"_links":{"self":[{"href":"https:\/\/creoq.com\/fr\/wp-json\/wp\/v2\/pages\/607","targetHints":{"allow":["GET"]}}],"collection":[{"href":"https:\/\/creoq.com\/fr\/wp-json\/wp\/v2\/pages"}],"about":[{"href":"https:\/\/creoq.com\/fr\/wp-json\/wp\/v2\/types\/page"}],"author":[{"embeddable":true,"href":"https:\/\/creoq.com\/fr\/wp-json\/wp\/v2\/users\/3"}],"replies":[{"embeddable":true,"href":"https:\/\/creoq.com\/fr\/wp-json\/wp\/v2\/comments?post=607"}],"version-history":[{"count":2,"href":"https:\/\/creoq.com\/fr\/wp-json\/wp\/v2\/pages\/607\/revisions"}],"predecessor-version":[{"id":609,"href":"https:\/\/creoq.com\/fr\/wp-json\/wp\/v2\/pages\/607\/revisions\/609"}],"wp:attachment":[{"href":"https:\/\/creoq.com\/fr\/wp-json\/wp\/v2\/media?parent=607"}],"curies":[{"name":"wp","href":"https:\/\/api.w.org\/{rel}","templated":true}]}}