{"id":614,"date":"2025-10-29T16:05:22","date_gmt":"2025-10-29T16:05:22","guid":{"rendered":"https:\/\/creoq.com\/plan-strategique\/"},"modified":"2025-10-29T17:03:19","modified_gmt":"2025-10-29T17:03:19","slug":"plan-strategique","status":"publish","type":"page","link":"https:\/\/creoq.com\/fr\/plan-strategique\/","title":{"rendered":"Plan Strat\u00e9gique"},"content":{"rendered":"<section class=\"wpb-content-wrapper\"><p>[vc_row css_animation=&#8221;&#8221; row_type=&#8221;row&#8221; use_row_as_full_screen_section=&#8221;no&#8221; type=&#8221;grid&#8221; angled_section=&#8221;no&#8221; text_align=&#8221;left&#8221; background_image_as_pattern=&#8221;without_pattern&#8221; z_index=&#8221;&#8221;][vc_column][vc_column_text]\t<\/p>\n<h1><span style=\"font-weight: 400;\"><b>Plan Strat\u00e9gique<\/b><\/span><\/h1>\n<p>Le plan strat\u00e9gique de CREOQ est d\u00e9velopp\u00e9 par l\u2019\u00e9quipe de gestion et revue de fa\u00e7on annuelle. Les buts et objectifs mis en place sont revue de fa\u00e7on trimestrielle pour assurer la progression et l\u2019atteinte des cibles \u00e9laborer. Le plan strat\u00e9gique est \u00e9labor\u00e9 pour une p\u00e9riode de trois ans et les buts sont ensuite rapatri\u00e9 dans les plans op\u00e9rationnels annuels ainsi que dans les plans d\u2019am\u00e9lioration de la qualit\u00e9 et les plans de s\u00e9curit\u00e9 et gestion des risques. Le plan strat\u00e9gique est ensuite communiqu\u00e9 aux employ\u00e9s lors d\u2019une rencontre bi mensuelle et aux autres stakeholders par notre site web.<\/p>\n<p><b>Th\u00e8mes Strat\u00e9giques Globaux<\/b><\/p>\n<ul>\n<li aria-level=\"4\"><b>La S\u00e9curit\u00e9<\/b><\/li>\n<\/ul>\n<p><span style=\"font-weight: 400;\">La mission de CREOQ est d\u2019offrir un centre d\u2019excellence o\u00f9 la s\u00e9curit\u00e9 des patients et du personnel est au centre de toutes nos activit\u00e9s. Pour ce faire, nous gardons la s\u00e9curit\u00e9 des patients et du personnel comme priorit\u00e9 dans toutes nos initiatives pour l\u2019am\u00e9lioration des soins incluant l\u2019investissement dans les technologies de pointes, l\u2019am\u00e9lioration de nos processus de s\u00e9curit\u00e9, ainsi que l\u2019expertise et l\u2019excellence de nos \u00e9quipes.&nbsp;<\/span><b><\/b><\/p>\n<ul>\n<li aria-level=\"4\"><b>La Satisfaction&nbsp;<\/b><\/li>\n<\/ul>\n<p><span style=\"font-weight: 400;\">En lien avec la vision de CREOQ d\u2019\u00eatre un leader dans le monde de la chirurgie ambulatoire, nous aimerions maximiser la satisfaction des patients, des chirurgiens et du personnel en facilitant l\u2019acc\u00e8s aux soins, la communication ainsi que la confiance dans les soins re\u00e7us. Nous misons le feedback continuel informelle ainsi que les commentaires formels trimestrielles pour trouver des points \u00e0 surveiller et am\u00e9liorer sur les prochaines ann\u00e9es.<\/span><\/p>\n<ul>\n<li aria-level=\"4\"><b>La R\u00e9tention<\/b><\/li>\n<\/ul>\n<p><span style=\"font-weight: 400;\">Les valeurs principales de CREOQ reposent sur la l\u2019excellence, la s\u00e9curit\u00e9, le respect, l\u2019innovation, l\u2019accessibilit\u00e9 et l\u2019empathie. Ces valeurs doivent resonner et se faire rayonner par notre personnel. Nous tenons donc \u00e0 c\u0153ur de bien former, valoriser et \u00eatre \u00e0 l\u2019\u00e9coute de nos \u00e9quipes pour pouvoir fid\u00e9liser et attirer les chirurgiens.<\/span><\/p>\n<p><b>Objectifs Strat\u00e9giques<\/b><\/p>\n<p><span style=\"font-weight: 400;\">Nos but et objectives d\u00e9coulent donc de ces th\u00e8mes g\u00e9n\u00e9raux soit&nbsp;: la s\u00e9curit\u00e9 du patient, la satisfaction des patients et des chirurgiens et la r\u00e9tention de notre personnel.<\/span><\/p>\n<ol>\n<li style=\"font-weight: 400;\" aria-level=\"1\"><b>Augmenter la s\u00e9curit\u00e9 du patient en p\u00e9ri-op\u00e9ratoire<br \/>\n<\/b><b>Initiatives :<\/b><\/p>\n<ul>\n<li style=\"font-weight: 400;\" aria-level=\"3\"><span style=\"font-weight: 400;\">Mettre en place un protocole de v\u00e9rification standardis\u00e9 (checklist) avant, pendant et apr\u00e8s la chirurgie. Time out (3 phases).<\/span><\/li>\n<li style=\"font-weight: 400;\" aria-level=\"3\"><span style=\"font-weight: 400;\">Optimisation des facteurs de risques des patients en pr\u00e9 op\u00e9ratoire pour r\u00e9duire incidence de complications en utilisant des outils standardis\u00e9es (Class ASA, Caprini, PONV).<\/span><\/li>\n<li style=\"font-weight: 400;\" aria-level=\"3\"><span style=\"font-weight: 400;\">R\u00e9conciliation m\u00e9dicamenteuse a tous les moments de transfert des soins<\/span><\/li>\n<li style=\"font-weight: 400;\" aria-level=\"3\"><span style=\"font-weight: 400;\">Former r\u00e9guli\u00e8rement le personnel sur les meilleures pratiques en mati\u00e8re de s\u00e9curit\u00e9.<\/span><\/li>\n<li style=\"font-weight: 400;\" aria-level=\"3\"><span style=\"font-weight: 400;\">Utiliser des technologies de suivi des patients, comme des syst\u00e8mes de surveillance des signes vitaux en temps r\u00e9el.<\/span><\/li>\n<li style=\"font-weight: 400;\" aria-level=\"3\"><span style=\"font-weight: 400;\">\u00c9valuer et r\u00e9duire les risques d\u2019infections postop\u00e9ratoires par des protocoles stricts d\u2019hygi\u00e8ne des mains.<\/span><\/li>\n<\/ul>\n<\/li>\n<li style=\"font-weight: 400; margin-top: 20px;\" aria-level=\"1\"><b>Augmenter la satisfaction des patients et des chirurgiens<br \/>\n<\/b><b>Initiatives :<\/b><\/p>\n<ul>\n<li style=\"font-weight: 400;\" aria-level=\"3\"><span style=\"font-weight: 400;\">Cr\u00e9er un syst\u00e8me de feedback post-op\u00e9ratoire pour recueillir les avis des patients et des chirurgiens.<\/span><\/li>\n<li style=\"font-weight: 400;\" aria-level=\"3\"><span style=\"font-weight: 400;\">Organiser des r\u00e9unions r\u00e9guli\u00e8res avec les chirurgiens pour discuter des am\u00e9liorations possibles.<\/span><\/li>\n<li style=\"font-weight: 400;\" aria-level=\"3\"><span style=\"font-weight: 400;\">Mettre en place un programme d\u2019accompagnement des patients, incluant des informations claires sur le processus chirurgical et le suivi postop\u00e9ratoire.<\/span><\/li>\n<li style=\"font-weight: 400;\" aria-level=\"3\"><span style=\"font-weight: 400;\">Am\u00e9liorer l\u2019environnement de travail (salle d\u2019attente, chambres, etc.) pour offrir une exp\u00e9rience plus agr\u00e9able pour les patients et les chirurgiens.<\/span><\/li>\n<\/ul>\n<\/li>\n<li style=\"font-weight: 400; margin-top: 20px;\" aria-level=\"1\"><b>Augmenter la r\u00e9tention du personnel<br \/>\n<\/b><b>Initiatives :<\/b><\/p>\n<ul>\n<li style=\"font-weight: 400;\" aria-level=\"3\"><span style=\"font-weight: 400;\">Offrir des programmes de d\u00e9veloppement professionnel et de formation continue.<\/span><\/li>\n<li style=\"font-weight: 400;\" aria-level=\"3\"><span style=\"font-weight: 400;\">Cr\u00e9er un environnement de travail collaboratif et valoriser les contributions de chacun.<\/span><\/li>\n<li style=\"font-weight: 400;\" aria-level=\"3\"><span style=\"font-weight: 400;\">Mettre en place des initiatives de bien-\u00eatre au travail (horaires flexibles, programmes de sant\u00e9 mentale, activit\u00e9s renforcements d\u2019esprit d\u2019\u00e9quipe).<\/span><\/li>\n<li style=\"font-weight: 400;\" aria-level=\"3\"><span style=\"font-weight: 400;\">R\u00e9aliser des \u00e9valuations r\u00e9guli\u00e8res du climat de travail (sondages) et agir sur les r\u00e9sultats.<\/span><\/li>\n<li style=\"font-weight: 400;\" aria-level=\"3\"><span style=\"font-weight: 400;\">Mettre en place une politique contre la violence et le harc\u00e8lement dans le milieu de travail et \u00e9valuer les facteurs de risques pour la violence de fa\u00e7on annuelle.&nbsp;<\/span><\/li>\n<\/ul>\n<\/li>\n<\/ol>\n<p><b style=\"margin-top: 20px; display: block;\">Mise en \u0152uvre<\/b><\/p>\n<ul>\n<li style=\"font-weight: 400;\" aria-level=\"1\"><span style=\"font-weight: 400;\">Constituer une \u00e9quipe pluridisciplinaire incluant des chirurgiens, infirmiers, anesth\u00e9sistes, et des repr\u00e9sentants administratifs.<\/span><\/li>\n<\/ul>\n<p><b style=\"margin-top: 20px; display: block;\">Chronologie<\/b><\/p>\n<ul>\n<li style=\"font-weight: 400;\" aria-level=\"1\"><b>Court terme (0-12 mois) :<\/b>\n<ul>\n<li style=\"font-weight: 400;\" aria-level=\"2\"><span style=\"font-weight: 400;\">\u00c9valuer les pratiques actuelles et identifier les points faibles par un audit.<\/span><\/li>\n<li style=\"font-weight: 400;\" aria-level=\"2\"><span style=\"font-weight: 400;\">Lancer des formations sur la s\u00e9curit\u00e9 et r\u00e9p\u00e9ter l\u2019audit.<\/span><\/li>\n<\/ul>\n<\/li>\n<li style=\"font-weight: 400;\" aria-level=\"1\"><b>Moyen terme (12-24 mois) :<\/b>\n<ul>\n<li style=\"font-weight: 400;\" aria-level=\"2\"><span style=\"font-weight: 400;\">Impl\u00e9menter les protocoles de v\u00e9rification et recueillir des feedbacks.<\/span><\/li>\n<li style=\"font-weight: 400;\" aria-level=\"2\"><span style=\"font-weight: 400;\">D\u00e9buter les programmes de bien-\u00eatre et de d\u00e9veloppement professionnel.<\/span><\/li>\n<\/ul>\n<\/li>\n<li style=\"font-weight: 400;\" aria-level=\"1\"><b>Long terme (2-3 ans) :<\/b>\n<ul>\n<li style=\"font-weight: 400;\" aria-level=\"2\"><span style=\"font-weight: 400;\">\u00c9valuer l\u2019impact des initiatives et ajuster en cons\u00e9quence.<\/span><\/li>\n<li style=\"font-weight: 400;\" aria-level=\"2\"><span style=\"font-weight: 400;\">Cr\u00e9er un rapport annuel sur les progr\u00e8s r\u00e9alis\u00e9s et les objectifs atteints.<\/span><\/li>\n<\/ul>\n<\/li>\n<\/ul>\n<p><b style=\"margin-top: 20px; display: block;\">\u00c9valuation et Suivi<\/b><\/p>\n<ul>\n<li style=\"font-weight: 400;\" aria-level=\"1\"><span style=\"font-weight: 400;\">Mettre en place des indicateurs de performance (KPIs) pour mesurer la s\u00e9curit\u00e9 des patients, la satisfaction et la r\u00e9tention du personnel.<\/span><\/li>\n<li style=\"font-weight: 400;\" aria-level=\"1\"><span style=\"font-weight: 400;\">Pr\u00e9voir des r\u00e9unions trimestrielles pour analyser les r\u00e9sultats et ajuster le plan si n\u00e9cessaire.<\/span><\/li>\n<\/ul>\n<p><b style=\"margin-top: 20px; display: block;\">Communication<\/b><\/p>\n<ul>\n<li style=\"font-weight: 400;\" aria-level=\"1\"><span style=\"font-weight: 400;\">Assurer une communication transparente tout au long du processus avec tous les stakeholders, y compris le personnel et les patients.<\/span><\/li>\n<\/ul>\n<p><b style=\"margin-top: 20px; display: block;\">Conclusion<\/b><br \/>\n<span style=\"font-weight: 400;\">Ce plan strat\u00e9gique vise \u00e0 cr\u00e9er un environnement s\u00fbr et satisfaisant pour les patients et le personnel, tout en renfor\u00e7ant la r\u00e9putation du centre de chirurgie. En engageant toutes les parties prenantes et en suivant les progr\u00e8s, le centre pourra atteindre ses objectifs et am\u00e9liorer la qualit\u00e9 des soins.<\/span><\/p>\n<p>[\/vc_column_text][\/vc_column][\/vc_row]<\/p>\n<\/section>","protected":false},"excerpt":{"rendered":"<p>[vc_row css_animation=&#8221;&#8221; row_type=&#8221;row&#8221; use_row_as_full_screen_section=&#8221;no&#8221; type=&#8221;grid&#8221; angled_section=&#8221;no&#8221; text_align=&#8221;left&#8221; background_image_as_pattern=&#8221;without_pattern&#8221; z_index=&#8221;&#8221;][vc_column][vc_column_text] Plan Strat\u00e9gique Le plan strat\u00e9gique de CREOQ est d\u00e9velopp\u00e9 par l\u2019\u00e9quipe de gestion et revue de fa\u00e7on annuelle. Les buts et objectifs mis en place sont revue de fa\u00e7on trimestrielle pour assurer la progression et l\u2019atteinte&#8230;<\/p>\n","protected":false},"author":3,"featured_media":0,"parent":0,"menu_order":0,"comment_status":"closed","ping_status":"closed","template":"full_width.php","meta":{"footnotes":""},"class_list":["post-614","page","type-page","status-publish","hentry"],"acf":[],"yoast_head":"<!-- This site is optimized with the Yoast SEO plugin v22.8 - https:\/\/yoast.com\/wordpress\/plugins\/seo\/ -->\n<title>Plan Strat\u00e9gique | Centre de Reconstruction Esth\u00e9tique et Orthopedic du Qu\u00e9bec<\/title>\n<meta name=\"robots\" content=\"index, follow, max-snippet:-1, max-image-preview:large, max-video-preview:-1\" \/>\n<link rel=\"canonical\" href=\"https:\/\/creoq.com\/fr\/plan-strategique\/\" \/>\n<meta property=\"og:locale\" content=\"fr_FR\" \/>\n<meta property=\"og:type\" content=\"article\" \/>\n<meta property=\"og:title\" content=\"Plan Strat\u00e9gique | Centre de Reconstruction Esth\u00e9tique et Orthopedic du Qu\u00e9bec\" \/>\n<meta property=\"og:description\" content=\"[vc_row css_animation=&#8221;&#8221; row_type=&#8221;row&#8221; use_row_as_full_screen_section=&#8221;no&#8221; type=&#8221;grid&#8221; angled_section=&#8221;no&#8221; text_align=&#8221;left&#8221; background_image_as_pattern=&#8221;without_pattern&#8221; z_index=&#8221;&#8221;][vc_column][vc_column_text] Plan Strat\u00e9gique Le plan strat\u00e9gique de CREOQ est d\u00e9velopp\u00e9 par l\u2019\u00e9quipe de gestion et revue de fa\u00e7on annuelle. Les buts et objectifs mis en place sont revue de fa\u00e7on trimestrielle pour assurer la progression et l\u2019atteinte...\" \/>\n<meta property=\"og:url\" content=\"https:\/\/creoq.com\/fr\/plan-strategique\/\" \/>\n<meta property=\"og:site_name\" content=\"Centre de Reconstruction Esth\u00e9tique et Orthopedic du Qu\u00e9bec\" \/>\n<meta property=\"article:modified_time\" content=\"2025-10-29T17:03:19+00:00\" \/>\n<meta property=\"og:image\" content=\"https:\/\/creoq.com\/wp-content\/uploads\/2024\/05\/creoq.jpg\" \/>\n\t<meta property=\"og:image:width\" content=\"1200\" \/>\n\t<meta property=\"og:image:height\" content=\"675\" \/>\n\t<meta property=\"og:image:type\" content=\"image\/jpeg\" \/>\n<meta name=\"twitter:card\" content=\"summary_large_image\" \/>\n<meta name=\"twitter:label1\" content=\"Est. reading time\" \/>\n\t<meta name=\"twitter:data1\" content=\"5 minutes\" \/>\n<script type=\"application\/ld+json\" class=\"yoast-schema-graph\">{\"@context\":\"https:\/\/schema.org\",\"@graph\":[{\"@type\":\"WebPage\",\"@id\":\"https:\/\/creoq.com\/fr\/plan-strategique\/\",\"url\":\"https:\/\/creoq.com\/fr\/plan-strategique\/\",\"name\":\"Plan Strat\u00e9gique | Centre de Reconstruction Esth\u00e9tique et Orthopedic du Qu\u00e9bec\",\"isPartOf\":{\"@id\":\"https:\/\/creoq.com\/fr\/#website\"},\"datePublished\":\"2025-10-29T16:05:22+00:00\",\"dateModified\":\"2025-10-29T17:03:19+00:00\",\"breadcrumb\":{\"@id\":\"https:\/\/creoq.com\/fr\/plan-strategique\/#breadcrumb\"},\"inLanguage\":\"fr-FR\",\"potentialAction\":[{\"@type\":\"ReadAction\",\"target\":[\"https:\/\/creoq.com\/fr\/plan-strategique\/\"]}]},{\"@type\":\"BreadcrumbList\",\"@id\":\"https:\/\/creoq.com\/fr\/plan-strategique\/#breadcrumb\",\"itemListElement\":[{\"@type\":\"ListItem\",\"position\":1,\"name\":\"Home\",\"item\":\"https:\/\/creoq.com\/fr\/\"},{\"@type\":\"ListItem\",\"position\":2,\"name\":\"Plan Strat\u00e9gique\"}]},{\"@type\":\"WebSite\",\"@id\":\"https:\/\/creoq.com\/fr\/#website\",\"url\":\"https:\/\/creoq.com\/fr\/\",\"name\":\"Centre de Reconstruction Esth\u00e9tique et Orthopedic du Qu\u00e9bec\",\"description\":\"\",\"potentialAction\":[{\"@type\":\"SearchAction\",\"target\":{\"@type\":\"EntryPoint\",\"urlTemplate\":\"https:\/\/creoq.com\/fr\/?s={search_term_string}\"},\"query-input\":\"required name=search_term_string\"}],\"inLanguage\":\"fr-FR\"}]}<\/script>\n<!-- \/ Yoast SEO plugin. -->","yoast_head_json":{"title":"Plan Strat\u00e9gique | Centre de Reconstruction Esth\u00e9tique et Orthopedic du Qu\u00e9bec","robots":{"index":"index","follow":"follow","max-snippet":"max-snippet:-1","max-image-preview":"max-image-preview:large","max-video-preview":"max-video-preview:-1"},"canonical":"https:\/\/creoq.com\/fr\/plan-strategique\/","og_locale":"fr_FR","og_type":"article","og_title":"Plan Strat\u00e9gique | Centre de Reconstruction Esth\u00e9tique et Orthopedic du Qu\u00e9bec","og_description":"[vc_row css_animation=&#8221;&#8221; row_type=&#8221;row&#8221; use_row_as_full_screen_section=&#8221;no&#8221; type=&#8221;grid&#8221; angled_section=&#8221;no&#8221; text_align=&#8221;left&#8221; background_image_as_pattern=&#8221;without_pattern&#8221; z_index=&#8221;&#8221;][vc_column][vc_column_text] Plan Strat\u00e9gique Le plan strat\u00e9gique de CREOQ est d\u00e9velopp\u00e9 par l\u2019\u00e9quipe de gestion et revue de fa\u00e7on annuelle. Les buts et objectifs mis en place sont revue de fa\u00e7on trimestrielle pour assurer la progression et l\u2019atteinte...","og_url":"https:\/\/creoq.com\/fr\/plan-strategique\/","og_site_name":"Centre de Reconstruction Esth\u00e9tique et Orthopedic du Qu\u00e9bec","article_modified_time":"2025-10-29T17:03:19+00:00","og_image":[{"width":1200,"height":675,"url":"https:\/\/creoq.com\/wp-content\/uploads\/2024\/05\/creoq.jpg","type":"image\/jpeg"}],"twitter_card":"summary_large_image","twitter_misc":{"Est. reading time":"5 minutes"},"schema":{"@context":"https:\/\/schema.org","@graph":[{"@type":"WebPage","@id":"https:\/\/creoq.com\/fr\/plan-strategique\/","url":"https:\/\/creoq.com\/fr\/plan-strategique\/","name":"Plan Strat\u00e9gique | Centre de Reconstruction Esth\u00e9tique et Orthopedic du Qu\u00e9bec","isPartOf":{"@id":"https:\/\/creoq.com\/fr\/#website"},"datePublished":"2025-10-29T16:05:22+00:00","dateModified":"2025-10-29T17:03:19+00:00","breadcrumb":{"@id":"https:\/\/creoq.com\/fr\/plan-strategique\/#breadcrumb"},"inLanguage":"fr-FR","potentialAction":[{"@type":"ReadAction","target":["https:\/\/creoq.com\/fr\/plan-strategique\/"]}]},{"@type":"BreadcrumbList","@id":"https:\/\/creoq.com\/fr\/plan-strategique\/#breadcrumb","itemListElement":[{"@type":"ListItem","position":1,"name":"Home","item":"https:\/\/creoq.com\/fr\/"},{"@type":"ListItem","position":2,"name":"Plan Strat\u00e9gique"}]},{"@type":"WebSite","@id":"https:\/\/creoq.com\/fr\/#website","url":"https:\/\/creoq.com\/fr\/","name":"Centre de Reconstruction Esth\u00e9tique et Orthopedic du Qu\u00e9bec","description":"","potentialAction":[{"@type":"SearchAction","target":{"@type":"EntryPoint","urlTemplate":"https:\/\/creoq.com\/fr\/?s={search_term_string}"},"query-input":"required name=search_term_string"}],"inLanguage":"fr-FR"}]}},"_links":{"self":[{"href":"https:\/\/creoq.com\/fr\/wp-json\/wp\/v2\/pages\/614","targetHints":{"allow":["GET"]}}],"collection":[{"href":"https:\/\/creoq.com\/fr\/wp-json\/wp\/v2\/pages"}],"about":[{"href":"https:\/\/creoq.com\/fr\/wp-json\/wp\/v2\/types\/page"}],"author":[{"embeddable":true,"href":"https:\/\/creoq.com\/fr\/wp-json\/wp\/v2\/users\/3"}],"replies":[{"embeddable":true,"href":"https:\/\/creoq.com\/fr\/wp-json\/wp\/v2\/comments?post=614"}],"version-history":[{"count":2,"href":"https:\/\/creoq.com\/fr\/wp-json\/wp\/v2\/pages\/614\/revisions"}],"predecessor-version":[{"id":616,"href":"https:\/\/creoq.com\/fr\/wp-json\/wp\/v2\/pages\/614\/revisions\/616"}],"wp:attachment":[{"href":"https:\/\/creoq.com\/fr\/wp-json\/wp\/v2\/media?parent=614"}],"curies":[{"name":"wp","href":"https:\/\/api.w.org\/{rel}","templated":true}]}}