{"id":628,"date":"2025-10-29T16:19:04","date_gmt":"2025-10-29T16:19:04","guid":{"rendered":"https:\/\/creoq.com\/taux-de-prevention-des-infections-et-tendances-connexes\/"},"modified":"2025-10-29T17:29:10","modified_gmt":"2025-10-29T17:29:10","slug":"taux-de-prevention-des-infections-et-tendances-connexes","status":"publish","type":"page","link":"https:\/\/creoq.com\/fr\/taux-de-prevention-des-infections-et-tendances-connexes\/","title":{"rendered":"Taux de Pr\u00e9vention des Infections et Tendances Connexes"},"content":{"rendered":"<section class=\"wpb-content-wrapper\"><p>[vc_row css_animation=&#8221;&#8221; row_type=&#8221;row&#8221; use_row_as_full_screen_section=&#8221;no&#8221; type=&#8221;grid&#8221; angled_section=&#8221;no&#8221; text_align=&#8221;left&#8221; background_image_as_pattern=&#8221;without_pattern&#8221; z_index=&#8221;&#8221;][vc_column][vc_column_text]<\/p>\n<h1><b>Taux de Pr\u00e9vention des Infections et Tendances Connexes<\/b><\/h1>\n<p><b>Contexte :<\/b><span style=\"font-weight: 400;\">Dans le cadre de notre engagement envers la qualit\u00e9 des soins et la pr\u00e9vention des infections, nous avons men\u00e9 des audits biannuels sur l\u2019hygi\u00e8ne des mains et avons suivi l\u2019\u00e9volution des taux d\u2019infection dans notre centre de chirurgie ambulatoire. Cette analyse pr\u00e9sente les r\u00e9sultats obtenus dans deux sessions de formation \u00e0 l\u2019hygi\u00e8ne des mains et les tendances des taux d\u2019infection pour les ann\u00e9es 2023 et 2024.<\/span><\/p>\n<p><b>Audit sur l\u2019hygi\u00e8ne des mains<\/b><\/p>\n<p><b>Session 1 : Vid\u00e9o de formation avant l\u2019hygi\u00e8ne des mains<\/b><\/p>\n<p><b>Date d\u2019observation :<\/b><span style=\"font-weight: 400;\"> Du 31 juillet 2024 (observation sur une p\u00e9riode d\u2019un mois)<\/span><\/p>\n<p><b>R\u00e9sultats :<\/b><\/p>\n<ul>\n<li style=\"font-weight: 400;\" aria-level=\"1\"><span style=\"font-weight: 400;\">Nombre d\u2019opportunit\u00e9s d\u2019hygi\u00e8ne des mains observ\u00e9es : 32<\/span><\/li>\n<li style=\"font-weight: 400;\" aria-level=\"1\"><span style=\"font-weight: 400;\">Nombre d\u2019instances d\u2019hygi\u00e8ne des mains correctes : 25<\/span><\/li>\n<li style=\"font-weight: 400;\" aria-level=\"1\"><b><b>Taux d\u2019adh\u00e9rence : 78 %<\/b><\/b>&nbsp;<\/li>\n<\/ul>\n<p><b style=\"margin-top: 20px; display: block;\">Session 2 : Vid\u00e9o de formation apr\u00e8s l\u2019hygi\u00e8ne des mains<\/b><\/p>\n<p><b>Date d\u2019observation :<\/b><span style=\"font-weight: 400;\"> Du 9 au 19 d\u00e9cembre 2024 (observation sur une p\u00e9riode de 10 jours)<\/span><\/p>\n<p><b>R\u00e9sultats :<\/b><\/p>\n<ul>\n<li style=\"font-weight: 400;\" aria-level=\"1\"><span style=\"font-weight: 400;\">Nombre d\u2019opportunit\u00e9s d\u2019hygi\u00e8ne des mains observ\u00e9es : 32<\/span><\/li>\n<li style=\"font-weight: 400;\" aria-level=\"1\"><span style=\"font-weight: 400;\">Nombre d\u2019instances d\u2019hygi\u00e8ne des mains correctes : 28<\/span><\/li>\n<li style=\"font-weight: 400;\" aria-level=\"1\"><b>Taux d\u2019adh\u00e9rence : 87,5 %<\/b><\/li>\n<\/ul>\n<p><b style=\"margin-top: 20px; display: block;\">Am\u00e9lioration constat\u00e9e :<\/b> <span style=\"font-weight: 400;\">Une am\u00e9lioration significative de pr\u00e8s de 10 % a \u00e9t\u00e9 observ\u00e9e entre les deux sessions, passant de 78 % \u00e0 87,5 % d\u2019adh\u00e9rence \u00e0 l\u2019hygi\u00e8ne des mains apr\u00e8s la session de formation vid\u00e9o.<\/span><\/p>\n<p><b>Taux d\u2019Infections<\/b><\/p>\n<p><span style=\"font-weight: 400;\">Les taux d\u2019infection dans notre centre de chirurgie ambulatoire pour les ann\u00e9es 2023 et 2024 ont \u00e9t\u00e9 suivis comme suit :<\/span><\/p>\n<ul>\n<li style=\"font-weight: 400;\" aria-level=\"1\"><b>Taux d\u2019infection en 2023 :<\/b><span style=\"font-weight: 400;\"> 0,23 %<\/span><\/li>\n<li style=\"font-weight: 400;\" aria-level=\"1\"><b>Taux d\u2019infection en 2024 :<\/b><span style=\"font-weight: 400;\"><span style=\"font-weight: 400;\"><span style=\"font-weight: 400;\"> 0,3 %<\/span><\/span><\/span><\/li>\n<\/ul>\n<p><span style=\"font-weight: 400;\">Bien que nous observions une l\u00e9g\u00e8re augmentation des taux d\u2019infection en 2024, nous supposons que c\u2019est simplement due \u00e0 une augmentation importante du nombre de chirurgies effectu\u00e9s par rapport \u00e0 2023. Le taux d\u2019infection reste bas (et &lt;1%). Nous restons vigilants et engag\u00e9s \u00e0 am\u00e9liorer continuellement nos pratiques et \u00e0 mettre en \u0153uvre des strat\u00e9gies efficaces pour r\u00e9duire ce taux.<\/span><\/p>\n<p><b>Taux de thrombo-embolie veineuse<\/b><\/p>\n<p><span style=\"font-weight: 400;\">Le taux de thrombo-embolie veineuse (TEV) a diminu\u00e9 de mani\u00e8re significative au cours de l\u2019ann\u00e9e 2023, passant de <\/span><b>0,45% \u00e0 0,30%<\/b><span style=\"font-weight: 400;\">. Cette r\u00e9duction est le r\u00e9sultat des efforts continus pour int\u00e9grer le <\/span><b>score de Caprini<\/b><span style=\"font-weight: 400;\"> dans l\u2019\u00e9valuation pr\u00e9op\u00e9ratoire de tous les patients, permettant une identification plus pr\u00e9cise des patients \u00e0 risque \u00e9lev\u00e9 de TEV et la mise en \u0153uvre de mesures pr\u00e9ventives adapt\u00e9es telles que les bas de contention et l\u2019administration d\u2019anticoagulants lorsque n\u00e9cessaire.<\/span><\/p>\n<ul>\n<li style=\"font-weight: 400;\" aria-level=\"1\"><b>Taux de thrombo-embolie en 2023 :<\/b><span style=\"font-weight: 400;\"> 0,45 %<\/span><\/li>\n<li style=\"font-weight: 400;\" aria-level=\"1\"><b>Taux de thrombo-embolie 2024 :<\/b><span style=\"font-weight: 400;\"><span style=\"font-weight: 400;\"> 0,3 %<\/span><\/span><\/li>\n<\/ul>\n<p><b style=\"margin-top: 20px; display: block;\">Taux d\u2019embolie pulmonaire<\/b><\/p>\n<p><span style=\"font-weight: 400;\">De m\u00eame, le taux d\u2019embolie pulmonaire a \u00e9galement montr\u00e9 une am\u00e9lioration, passant de <\/span><b>0,45% \u00e0 0,15%<\/b><span style=\"font-weight: 400;\"> en 2023. Cette diminution est attribu\u00e9e \u00e0 la gestion proactive des risques thromboemboliques, ainsi qu\u2019\u00e0 une surveillance post-op\u00e9ratoire plus rigoureuse des patients \u00e0 risque, en particulier ceux ayant des ant\u00e9c\u00e9dents de TEV ou des facteurs de risque identifi\u00e9s lors du score de Caprini.<\/span><\/p>\n<ul>\n<li style=\"font-weight: 400;\" aria-level=\"1\"><b>Taux d\u2019embolie pulmonaire en 2023 :<\/b><span style=\"font-weight: 400;\"> 0,45 %<\/span><\/li>\n<li style=\"font-weight: 400;\" aria-level=\"1\"><b>Taux d\u2019embolie pulmonaire en 2024 :<\/b><span style=\"font-weight: 400;\"><span style=\"font-weight: 400;\"> 0,15 %<\/span><\/span><\/li>\n<\/ul>\n<p><b style=\"margin-top: 20px; display: block;\">Taux de chutes<\/b><\/p>\n<p><span style=\"font-weight: 400;\">En ce qui concerne la pr\u00e9vention des chutes, nous avons constat\u00e9 une r\u00e9duction significative du taux de chutes, passant de <\/span><b>0,68% en 2023 \u00e0 0,15%<\/b><span style=\"font-weight: 400;\">. Cette baisse est le fruit des initiatives mises en place pour renforcer la s\u00e9curit\u00e9 des patients, notamment des \u00e9valuations r\u00e9guli\u00e8res du risque de chute, des protocoles de mobilisation pr\u00e9ventive, ainsi que la formation continue du personnel sur les bonnes pratiques en mati\u00e8re de pr\u00e9vention des chutes.<\/span><\/p>\n<ul>\n<li style=\"font-weight: 400;\" aria-level=\"1\"><b>Taux de chutes en 2023 :<\/b><span style=\"font-weight: 400;\"> 0,68 %<\/span><\/li>\n<li style=\"font-weight: 400;\" aria-level=\"1\"><b>Taux de chutes 2024 :<\/b><span style=\"font-weight: 400;\"><span style=\"font-weight: 400;\"> 0,15 %<\/span><\/span><\/li>\n<\/ul>\n<p><b style=\"margin-top: 20px; display: block;\">Conclusion<\/b><\/p>\n<p><span style=\"font-weight: 400;\">Les r\u00e9sultats de l\u2019audit sur l\u2019hygi\u00e8ne des mains montrent une am\u00e9lioration claire et mesurable de l\u2019adh\u00e9rence aux pratiques de pr\u00e9vention des infections, notamment apr\u00e8s la formation vid\u00e9o. Cette \u00e9volution positive t\u00e9moigne de l\u2019efficacit\u00e9 de notre programme \u00e9ducatif sur l\u2019hygi\u00e8ne des mains et renforce notre engagement \u00e0 assurer des soins de haute qualit\u00e9 et une pr\u00e9vention optimale des infections.<\/span><\/p>\n<p><span style=\"font-weight: 400;\">Les taux d\u2019infection, bien que l\u00e9g\u00e8rement augment\u00e9s en 2024, restent globalement faibles, ce qui refl\u00e8te les efforts continus de notre \u00e9quipe pour maintenir des normes \u00e9lev\u00e9es de s\u00e9curit\u00e9 et d\u2019hygi\u00e8ne.<\/span><\/p>\n<p><span style=\"font-weight: 400;\">Les tendances positives observ\u00e9es pour la <\/span><b>r\u00e9duction des TEV<\/b><span style=\"font-weight: 400;\">, des <\/span><b>embolies pulmonaires<\/b><span style=\"font-weight: 400;\"> et des <\/span><b>chutes<\/b><span style=\"font-weight: 400;\"> t\u00e9moignent de l\u2019efficacit\u00e9 de nos mesures pr\u00e9ventives et de la mise en place de protocoles rigoureux pour g\u00e9rer les risques chez nos patients. Nous continuerons de surveiller ces indicateurs et d\u2019ajuster nos pratiques afin de maintenir ces r\u00e9sultats et am\u00e9liorer encore la s\u00e9curit\u00e9 des patients dans notre centre.<\/span><\/p>\n<p><span style=\"font-weight: 400;\">Nous continuerons \u00e0 surveiller de pr\u00e8s ces indicateurs et \u00e0 mettre en \u0153uvre des am\u00e9liorations cibl\u00e9es pour garantir la s\u00e9curit\u00e9 et le bien-\u00eatre de nos patients.<\/span><\/p>\n<p>[\/vc_column_text][\/vc_column][\/vc_row]<\/p>\n<\/section>","protected":false},"excerpt":{"rendered":"<p>[vc_row css_animation=&#8221;&#8221; row_type=&#8221;row&#8221; use_row_as_full_screen_section=&#8221;no&#8221; type=&#8221;grid&#8221; angled_section=&#8221;no&#8221; text_align=&#8221;left&#8221; background_image_as_pattern=&#8221;without_pattern&#8221; z_index=&#8221;&#8221;][vc_column][vc_column_text] Taux de Pr\u00e9vention des Infections et Tendances Connexes Contexte :Dans le cadre de notre engagement envers la qualit\u00e9 des soins et la pr\u00e9vention des infections, nous avons men\u00e9 des audits biannuels sur l\u2019hygi\u00e8ne des mains et&#8230;<\/p>\n","protected":false},"author":3,"featured_media":0,"parent":0,"menu_order":0,"comment_status":"closed","ping_status":"closed","template":"full_width.php","meta":{"footnotes":""},"class_list":["post-628","page","type-page","status-publish","hentry"],"acf":[],"yoast_head":"<!-- This site is optimized with the Yoast SEO plugin v22.8 - https:\/\/yoast.com\/wordpress\/plugins\/seo\/ -->\n<title>Taux de Pr\u00e9vention des Infections et Tendances Connexes | Centre de Reconstruction Esth\u00e9tique et Orthopedic du Qu\u00e9bec<\/title>\n<meta name=\"robots\" content=\"index, follow, max-snippet:-1, max-image-preview:large, max-video-preview:-1\" \/>\n<link rel=\"canonical\" href=\"https:\/\/creoq.com\/fr\/taux-de-prevention-des-infections-et-tendances-connexes\/\" \/>\n<meta property=\"og:locale\" content=\"fr_FR\" \/>\n<meta property=\"og:type\" content=\"article\" \/>\n<meta property=\"og:title\" content=\"Taux de Pr\u00e9vention des Infections et Tendances Connexes | Centre de Reconstruction Esth\u00e9tique et Orthopedic du Qu\u00e9bec\" \/>\n<meta property=\"og:description\" content=\"[vc_row css_animation=&#8221;&#8221; row_type=&#8221;row&#8221; use_row_as_full_screen_section=&#8221;no&#8221; type=&#8221;grid&#8221; angled_section=&#8221;no&#8221; text_align=&#8221;left&#8221; background_image_as_pattern=&#8221;without_pattern&#8221; z_index=&#8221;&#8221;][vc_column][vc_column_text] Taux de Pr\u00e9vention des Infections et Tendances Connexes Contexte :Dans le cadre de notre engagement envers la qualit\u00e9 des soins et la pr\u00e9vention des infections, nous avons men\u00e9 des audits biannuels sur l\u2019hygi\u00e8ne des mains et...\" \/>\n<meta property=\"og:url\" content=\"https:\/\/creoq.com\/fr\/taux-de-prevention-des-infections-et-tendances-connexes\/\" \/>\n<meta property=\"og:site_name\" content=\"Centre de Reconstruction Esth\u00e9tique et Orthopedic du Qu\u00e9bec\" \/>\n<meta property=\"article:modified_time\" content=\"2025-10-29T17:29:10+00:00\" \/>\n<meta property=\"og:image\" content=\"https:\/\/creoq.com\/wp-content\/uploads\/2024\/05\/creoq.jpg\" \/>\n\t<meta property=\"og:image:width\" content=\"1200\" \/>\n\t<meta property=\"og:image:height\" content=\"675\" \/>\n\t<meta property=\"og:image:type\" content=\"image\/jpeg\" \/>\n<meta name=\"twitter:card\" content=\"summary_large_image\" \/>\n<meta name=\"twitter:label1\" content=\"Est. reading time\" \/>\n\t<meta name=\"twitter:data1\" content=\"4 minutes\" \/>\n<script type=\"application\/ld+json\" class=\"yoast-schema-graph\">{\"@context\":\"https:\/\/schema.org\",\"@graph\":[{\"@type\":\"WebPage\",\"@id\":\"https:\/\/creoq.com\/fr\/taux-de-prevention-des-infections-et-tendances-connexes\/\",\"url\":\"https:\/\/creoq.com\/fr\/taux-de-prevention-des-infections-et-tendances-connexes\/\",\"name\":\"Taux de Pr\u00e9vention des Infections et Tendances Connexes | Centre de Reconstruction Esth\u00e9tique et Orthopedic du Qu\u00e9bec\",\"isPartOf\":{\"@id\":\"https:\/\/creoq.com\/fr\/#website\"},\"datePublished\":\"2025-10-29T16:19:04+00:00\",\"dateModified\":\"2025-10-29T17:29:10+00:00\",\"breadcrumb\":{\"@id\":\"https:\/\/creoq.com\/fr\/taux-de-prevention-des-infections-et-tendances-connexes\/#breadcrumb\"},\"inLanguage\":\"fr-FR\",\"potentialAction\":[{\"@type\":\"ReadAction\",\"target\":[\"https:\/\/creoq.com\/fr\/taux-de-prevention-des-infections-et-tendances-connexes\/\"]}]},{\"@type\":\"BreadcrumbList\",\"@id\":\"https:\/\/creoq.com\/fr\/taux-de-prevention-des-infections-et-tendances-connexes\/#breadcrumb\",\"itemListElement\":[{\"@type\":\"ListItem\",\"position\":1,\"name\":\"Home\",\"item\":\"https:\/\/creoq.com\/fr\/\"},{\"@type\":\"ListItem\",\"position\":2,\"name\":\"Taux de Pr\u00e9vention des Infections et Tendances Connexes\"}]},{\"@type\":\"WebSite\",\"@id\":\"https:\/\/creoq.com\/fr\/#website\",\"url\":\"https:\/\/creoq.com\/fr\/\",\"name\":\"Centre de Reconstruction Esth\u00e9tique et Orthopedic du Qu\u00e9bec\",\"description\":\"\",\"potentialAction\":[{\"@type\":\"SearchAction\",\"target\":{\"@type\":\"EntryPoint\",\"urlTemplate\":\"https:\/\/creoq.com\/fr\/?s={search_term_string}\"},\"query-input\":\"required name=search_term_string\"}],\"inLanguage\":\"fr-FR\"}]}<\/script>\n<!-- \/ Yoast SEO plugin. -->","yoast_head_json":{"title":"Taux de Pr\u00e9vention des Infections et Tendances Connexes | Centre de Reconstruction Esth\u00e9tique et Orthopedic du Qu\u00e9bec","robots":{"index":"index","follow":"follow","max-snippet":"max-snippet:-1","max-image-preview":"max-image-preview:large","max-video-preview":"max-video-preview:-1"},"canonical":"https:\/\/creoq.com\/fr\/taux-de-prevention-des-infections-et-tendances-connexes\/","og_locale":"fr_FR","og_type":"article","og_title":"Taux de Pr\u00e9vention des Infections et Tendances Connexes | Centre de Reconstruction Esth\u00e9tique et Orthopedic du Qu\u00e9bec","og_description":"[vc_row css_animation=&#8221;&#8221; row_type=&#8221;row&#8221; use_row_as_full_screen_section=&#8221;no&#8221; type=&#8221;grid&#8221; angled_section=&#8221;no&#8221; text_align=&#8221;left&#8221; background_image_as_pattern=&#8221;without_pattern&#8221; z_index=&#8221;&#8221;][vc_column][vc_column_text] Taux de Pr\u00e9vention des Infections et Tendances Connexes Contexte :Dans le cadre de notre engagement envers la qualit\u00e9 des soins et la pr\u00e9vention des infections, nous avons men\u00e9 des audits biannuels sur l\u2019hygi\u00e8ne des mains et...","og_url":"https:\/\/creoq.com\/fr\/taux-de-prevention-des-infections-et-tendances-connexes\/","og_site_name":"Centre de Reconstruction Esth\u00e9tique et Orthopedic du Qu\u00e9bec","article_modified_time":"2025-10-29T17:29:10+00:00","og_image":[{"width":1200,"height":675,"url":"https:\/\/creoq.com\/wp-content\/uploads\/2024\/05\/creoq.jpg","type":"image\/jpeg"}],"twitter_card":"summary_large_image","twitter_misc":{"Est. reading time":"4 minutes"},"schema":{"@context":"https:\/\/schema.org","@graph":[{"@type":"WebPage","@id":"https:\/\/creoq.com\/fr\/taux-de-prevention-des-infections-et-tendances-connexes\/","url":"https:\/\/creoq.com\/fr\/taux-de-prevention-des-infections-et-tendances-connexes\/","name":"Taux de Pr\u00e9vention des Infections et Tendances Connexes | Centre de Reconstruction Esth\u00e9tique et Orthopedic du Qu\u00e9bec","isPartOf":{"@id":"https:\/\/creoq.com\/fr\/#website"},"datePublished":"2025-10-29T16:19:04+00:00","dateModified":"2025-10-29T17:29:10+00:00","breadcrumb":{"@id":"https:\/\/creoq.com\/fr\/taux-de-prevention-des-infections-et-tendances-connexes\/#breadcrumb"},"inLanguage":"fr-FR","potentialAction":[{"@type":"ReadAction","target":["https:\/\/creoq.com\/fr\/taux-de-prevention-des-infections-et-tendances-connexes\/"]}]},{"@type":"BreadcrumbList","@id":"https:\/\/creoq.com\/fr\/taux-de-prevention-des-infections-et-tendances-connexes\/#breadcrumb","itemListElement":[{"@type":"ListItem","position":1,"name":"Home","item":"https:\/\/creoq.com\/fr\/"},{"@type":"ListItem","position":2,"name":"Taux de Pr\u00e9vention des Infections et Tendances Connexes"}]},{"@type":"WebSite","@id":"https:\/\/creoq.com\/fr\/#website","url":"https:\/\/creoq.com\/fr\/","name":"Centre de Reconstruction Esth\u00e9tique et Orthopedic du Qu\u00e9bec","description":"","potentialAction":[{"@type":"SearchAction","target":{"@type":"EntryPoint","urlTemplate":"https:\/\/creoq.com\/fr\/?s={search_term_string}"},"query-input":"required name=search_term_string"}],"inLanguage":"fr-FR"}]}},"_links":{"self":[{"href":"https:\/\/creoq.com\/fr\/wp-json\/wp\/v2\/pages\/628","targetHints":{"allow":["GET"]}}],"collection":[{"href":"https:\/\/creoq.com\/fr\/wp-json\/wp\/v2\/pages"}],"about":[{"href":"https:\/\/creoq.com\/fr\/wp-json\/wp\/v2\/types\/page"}],"author":[{"embeddable":true,"href":"https:\/\/creoq.com\/fr\/wp-json\/wp\/v2\/users\/3"}],"replies":[{"embeddable":true,"href":"https:\/\/creoq.com\/fr\/wp-json\/wp\/v2\/comments?post=628"}],"version-history":[{"count":2,"href":"https:\/\/creoq.com\/fr\/wp-json\/wp\/v2\/pages\/628\/revisions"}],"predecessor-version":[{"id":630,"href":"https:\/\/creoq.com\/fr\/wp-json\/wp\/v2\/pages\/628\/revisions\/630"}],"wp:attachment":[{"href":"https:\/\/creoq.com\/fr\/wp-json\/wp\/v2\/media?parent=628"}],"curies":[{"name":"wp","href":"https:\/\/api.w.org\/{rel}","templated":true}]}}