{"id":640,"date":"2025-10-29T16:31:46","date_gmt":"2025-10-29T16:31:46","guid":{"rendered":"https:\/\/creoq.com\/rapport-annuel-pour-le-centre-de-reconstruction-esthetique-et-orthopedique-du-quebec\/"},"modified":"2025-10-29T17:51:02","modified_gmt":"2025-10-29T17:51:02","slug":"rapport-annuel-pour-le-centre-de-reconstruction-esthetique-et-orthopedique-du-quebec","status":"publish","type":"page","link":"https:\/\/creoq.com\/fr\/rapport-annuel-pour-le-centre-de-reconstruction-esthetique-et-orthopedique-du-quebec\/","title":{"rendered":"Rapport Annuel pour le Centre de Reconstruction Esth\u00e9tique et Orthop\u00e9dique du Qu\u00e9bec"},"content":{"rendered":"<section class=\"wpb-content-wrapper\"><p>[vc_row css_animation=&#8221;&#8221; row_type=&#8221;row&#8221; use_row_as_full_screen_section=&#8221;no&#8221; type=&#8221;grid&#8221; angled_section=&#8221;no&#8221; text_align=&#8221;left&#8221; background_image_as_pattern=&#8221;without_pattern&#8221; z_index=&#8221;&#8221;][vc_column][vc_column_text]<\/p>\n<h1><b>Rapport Annuel pour le Centre de Reconstruction Esth\u00e9tique et Orthop\u00e9dique du Qu\u00e9bec<\/b><\/h1>\n<p><b>Exercice Fiscal : 2024<\/b><\/p>\n<p>&nbsp;<\/p>\n<p><b>Message de la pr\u00e9sidente&nbsp;:<\/b><\/p>\n<p><span style=\"font-weight: 400;\">Ch\u00e8res parties prenantes,<\/span><\/p>\n<p><span style=\"font-weight: 400;\">Alors que nous faisons le bilan d\u2019une nouvelle ann\u00e9e de croissance et de progr\u00e8s au sein de CREOQ, je suis fier de partager nos r\u00e9alisations et l\u2019impact que nous continuons d\u2019avoir en offrant des soins de qualit\u00e9 exceptionnelle \u00e0 nos patients. Cette ann\u00e9e a \u00e9t\u00e9 celle de la r\u00e9silience, de l\u2019innovation et d\u2019un engagement sans faille envers notre mission fondamentale : fournir des soins de sant\u00e9 de haute qualit\u00e9, avec compassion et efficacit\u00e9, \u00e0 ceux que nous servons.<\/span><\/p>\n<p><span style=\"font-weight: 400;\">Le paysage de la sant\u00e9 a \u00e9volu\u00e9, et nous avons accueilli ces changements avec un objectif clair : am\u00e9liorer l\u2019exp\u00e9rience et les r\u00e9sultats des patients. Notre \u00e9quipe d\u00e9vou\u00e9e de chirurgiens, d\u2019infirmi\u00e8res, de techniciens et de personnel administratif continue de faire preuve d\u2019une expertise et d\u2019une compassion exceptionnelles dans tout ce qu\u2019elle entreprend. Gr\u00e2ce \u00e0 leur travail acharn\u00e9 et \u00e0 leur savoir-faire, nous avons pu r\u00e9aliser des centaines de chirurgies p\u00e9diatrique et autres en toute s\u00e9curit\u00e9, permettant \u00e0 nos patients de revenir aux activit\u00e9s qu\u2019ils aiment avec un minimum de perturbation dans leur vie. Cette ann\u00e9e nous avons op\u00e9r\u00e9 plus de 300 cas d\u2019orthop\u00e9die p\u00e9diatriques pour le CHUSJ. L\u2019impact de r\u00e9duction des listes d\u2019attentes en orthop\u00e9die fut important et l\u2019acc\u00e8s aux soins est beaucoup am\u00e9liorer dans tout le d\u00e9partement d\u2019orthop\u00e9die du CHUSJ.<\/span><\/p>\n<p><span style=\"font-weight: 400;\">En plus d\u2019\u00e9largir notre gamme de services, nous avons investi dans des technologies de pointe et optimis\u00e9 nos processus op\u00e9rationnels pour nous assurer de rester \u00e0 la pointe de la chirurgie ambulatoire. La s\u00e9curit\u00e9, le confort et la satisfaction des patients sont nos priorit\u00e9s absolues, et cette ann\u00e9e, nous avons lanc\u00e9 plusieurs initiatives visant \u00e0 am\u00e9liorer la qualit\u00e9 des soins dispens\u00e9s. Des processus chirurgicaux am\u00e9lior\u00e9es aux protocoles de r\u00e9cup\u00e9ration plus efficaces, nous continuons de fixer de nouvelles normes d\u2019excellence dans le domaine de la chirurgie ambulatoire.<\/span><\/p>\n<p><span style=\"font-weight: 400;\">Nous sommes \u00e9galement reconnaissants de la confiance continue de nos patients, de nos m\u00e9decins et de nos partenaires. Votre confiance dans notre capacit\u00e9 \u00e0 fournir des soins sup\u00e9rieurs nourrit notre passion et alimente notre mission. En avan\u00e7ant, nous restons engag\u00e9s \u00e0 faire progresser nos services, \u00e0 \u00e9largir notre port\u00e9e et \u00e0 maintenir notre r\u00e9putation de leader dans le domaine de la chirurgie ambulatoire.<\/span><\/p>\n<p><span style=\"font-weight: 400;\">Au nom de toute l\u2019\u00e9quipe, je tiens \u00e0 vous exprimer nos sinc\u00e8res remerciements pour votre soutien continu. Ensemble, nous continuerons de faire une diff\u00e9rence significative dans la vie de nos patients, de leurs familles et des communaut\u00e9s que nous servons.<\/span><\/p>\n<p><span style=\"font-weight: 400;\">Sinc\u00e8rement,<\/span><\/p>\n<p>&nbsp;<\/p>\n<p><span style=\"font-weight: 400;\">Marie Gdalevitch<\/span><span style=\"font-weight: 400;\"><br \/>\n<\/span><span style=\"font-weight: 400;\">Pr\u00e9sident<\/span><span style=\"font-weight: 400;\"><br \/>\n<\/span><span style=\"font-weight: 400;\">CREOQ<\/span><\/p>\n<p>[\/vc_column_text]<a  itemprop=\"url\" href=\"\/wp-content\/uploads\/2025\/10\/Rapport_Annuel_pour_le_Centre_de_Reconstruction_Esthe_tique_et_Orthope_dique_du_Que_bec_copy.pdf\" target=\"_blank\"  class=\"qbutton  center default center-button\" style=\"\">T\u00e9l\u00e9chargez le rapport annuel<i class=\"qode_icon_font_awesome fa fa-arrow-circle-o-down qode_button_icon_element\" style=\"\" ><\/i><\/a>[\/vc_column][\/vc_row]<\/p>\n<\/section>","protected":false},"excerpt":{"rendered":"<p>[vc_row css_animation=&#8221;&#8221; row_type=&#8221;row&#8221; use_row_as_full_screen_section=&#8221;no&#8221; type=&#8221;grid&#8221; angled_section=&#8221;no&#8221; text_align=&#8221;left&#8221; background_image_as_pattern=&#8221;without_pattern&#8221; z_index=&#8221;&#8221;][vc_column][vc_column_text] Rapport Annuel pour le Centre de Reconstruction Esth\u00e9tique et Orthop\u00e9dique du Qu\u00e9bec Exercice Fiscal : 2024 &nbsp; Message de la pr\u00e9sidente&nbsp;: Ch\u00e8res parties prenantes, Alors que nous faisons le bilan d\u2019une nouvelle ann\u00e9e de croissance et&#8230;<\/p>\n","protected":false},"author":3,"featured_media":0,"parent":0,"menu_order":0,"comment_status":"closed","ping_status":"closed","template":"full_width.php","meta":{"footnotes":""},"class_list":["post-640","page","type-page","status-publish","hentry"],"acf":[],"yoast_head":"<!-- This site is optimized with the Yoast SEO plugin v22.8 - https:\/\/yoast.com\/wordpress\/plugins\/seo\/ -->\n<title>Rapport Annuel pour le Centre de Reconstruction Esth\u00e9tique et Orthop\u00e9dique du Qu\u00e9bec | Centre de Reconstruction Esth\u00e9tique et Orthopedic du Qu\u00e9bec<\/title>\n<meta name=\"robots\" content=\"index, follow, max-snippet:-1, max-image-preview:large, max-video-preview:-1\" \/>\n<link rel=\"canonical\" href=\"https:\/\/creoq.com\/fr\/rapport-annuel-pour-le-centre-de-reconstruction-esthetique-et-orthopedique-du-quebec\/\" \/>\n<meta property=\"og:locale\" content=\"fr_FR\" \/>\n<meta property=\"og:type\" content=\"article\" \/>\n<meta property=\"og:title\" content=\"Rapport Annuel pour le Centre de Reconstruction Esth\u00e9tique et Orthop\u00e9dique du Qu\u00e9bec | Centre de Reconstruction Esth\u00e9tique et Orthopedic du Qu\u00e9bec\" \/>\n<meta property=\"og:description\" content=\"[vc_row css_animation=&#8221;&#8221; row_type=&#8221;row&#8221; use_row_as_full_screen_section=&#8221;no&#8221; type=&#8221;grid&#8221; angled_section=&#8221;no&#8221; text_align=&#8221;left&#8221; background_image_as_pattern=&#8221;without_pattern&#8221; z_index=&#8221;&#8221;][vc_column][vc_column_text] Rapport Annuel pour le Centre de Reconstruction Esth\u00e9tique et Orthop\u00e9dique du Qu\u00e9bec Exercice Fiscal : 2024 &nbsp; Message de la pr\u00e9sidente&nbsp;: Ch\u00e8res parties prenantes, Alors que nous faisons le bilan d\u2019une nouvelle ann\u00e9e de croissance et...\" \/>\n<meta property=\"og:url\" content=\"https:\/\/creoq.com\/fr\/rapport-annuel-pour-le-centre-de-reconstruction-esthetique-et-orthopedique-du-quebec\/\" \/>\n<meta property=\"og:site_name\" content=\"Centre de Reconstruction Esth\u00e9tique et Orthopedic du Qu\u00e9bec\" \/>\n<meta property=\"article:modified_time\" content=\"2025-10-29T17:51:02+00:00\" \/>\n<meta property=\"og:image\" content=\"https:\/\/creoq.com\/wp-content\/uploads\/2024\/05\/creoq.jpg\" \/>\n\t<meta property=\"og:image:width\" content=\"1200\" \/>\n\t<meta property=\"og:image:height\" content=\"675\" \/>\n\t<meta property=\"og:image:type\" content=\"image\/jpeg\" \/>\n<meta name=\"twitter:card\" content=\"summary_large_image\" \/>\n<meta name=\"twitter:label1\" content=\"Est. reading time\" \/>\n\t<meta name=\"twitter:data1\" content=\"3 minutes\" \/>\n<script type=\"application\/ld+json\" class=\"yoast-schema-graph\">{\"@context\":\"https:\/\/schema.org\",\"@graph\":[{\"@type\":\"WebPage\",\"@id\":\"https:\/\/creoq.com\/fr\/rapport-annuel-pour-le-centre-de-reconstruction-esthetique-et-orthopedique-du-quebec\/\",\"url\":\"https:\/\/creoq.com\/fr\/rapport-annuel-pour-le-centre-de-reconstruction-esthetique-et-orthopedique-du-quebec\/\",\"name\":\"Rapport Annuel pour le Centre de Reconstruction Esth\u00e9tique et Orthop\u00e9dique du Qu\u00e9bec | Centre de Reconstruction Esth\u00e9tique et Orthopedic du Qu\u00e9bec\",\"isPartOf\":{\"@id\":\"https:\/\/creoq.com\/fr\/#website\"},\"datePublished\":\"2025-10-29T16:31:46+00:00\",\"dateModified\":\"2025-10-29T17:51:02+00:00\",\"breadcrumb\":{\"@id\":\"https:\/\/creoq.com\/fr\/rapport-annuel-pour-le-centre-de-reconstruction-esthetique-et-orthopedique-du-quebec\/#breadcrumb\"},\"inLanguage\":\"fr-FR\",\"potentialAction\":[{\"@type\":\"ReadAction\",\"target\":[\"https:\/\/creoq.com\/fr\/rapport-annuel-pour-le-centre-de-reconstruction-esthetique-et-orthopedique-du-quebec\/\"]}]},{\"@type\":\"BreadcrumbList\",\"@id\":\"https:\/\/creoq.com\/fr\/rapport-annuel-pour-le-centre-de-reconstruction-esthetique-et-orthopedique-du-quebec\/#breadcrumb\",\"itemListElement\":[{\"@type\":\"ListItem\",\"position\":1,\"name\":\"Home\",\"item\":\"https:\/\/creoq.com\/fr\/\"},{\"@type\":\"ListItem\",\"position\":2,\"name\":\"Rapport Annuel pour le Centre de Reconstruction Esth\u00e9tique et Orthop\u00e9dique du Qu\u00e9bec\"}]},{\"@type\":\"WebSite\",\"@id\":\"https:\/\/creoq.com\/fr\/#website\",\"url\":\"https:\/\/creoq.com\/fr\/\",\"name\":\"Centre de Reconstruction Esth\u00e9tique et Orthopedic du Qu\u00e9bec\",\"description\":\"\",\"potentialAction\":[{\"@type\":\"SearchAction\",\"target\":{\"@type\":\"EntryPoint\",\"urlTemplate\":\"https:\/\/creoq.com\/fr\/?s={search_term_string}\"},\"query-input\":\"required name=search_term_string\"}],\"inLanguage\":\"fr-FR\"}]}<\/script>\n<!-- \/ Yoast SEO plugin. -->","yoast_head_json":{"title":"Rapport Annuel pour le Centre de Reconstruction Esth\u00e9tique et Orthop\u00e9dique du Qu\u00e9bec | Centre de Reconstruction Esth\u00e9tique et Orthopedic du Qu\u00e9bec","robots":{"index":"index","follow":"follow","max-snippet":"max-snippet:-1","max-image-preview":"max-image-preview:large","max-video-preview":"max-video-preview:-1"},"canonical":"https:\/\/creoq.com\/fr\/rapport-annuel-pour-le-centre-de-reconstruction-esthetique-et-orthopedique-du-quebec\/","og_locale":"fr_FR","og_type":"article","og_title":"Rapport Annuel pour le Centre de Reconstruction Esth\u00e9tique et Orthop\u00e9dique du Qu\u00e9bec | Centre de Reconstruction Esth\u00e9tique et Orthopedic du Qu\u00e9bec","og_description":"[vc_row css_animation=&#8221;&#8221; row_type=&#8221;row&#8221; use_row_as_full_screen_section=&#8221;no&#8221; type=&#8221;grid&#8221; angled_section=&#8221;no&#8221; text_align=&#8221;left&#8221; background_image_as_pattern=&#8221;without_pattern&#8221; z_index=&#8221;&#8221;][vc_column][vc_column_text] Rapport Annuel pour le Centre de Reconstruction Esth\u00e9tique et Orthop\u00e9dique du Qu\u00e9bec Exercice Fiscal : 2024 &nbsp; Message de la pr\u00e9sidente&nbsp;: Ch\u00e8res parties prenantes, Alors que nous faisons le bilan d\u2019une nouvelle ann\u00e9e de croissance et...","og_url":"https:\/\/creoq.com\/fr\/rapport-annuel-pour-le-centre-de-reconstruction-esthetique-et-orthopedique-du-quebec\/","og_site_name":"Centre de Reconstruction Esth\u00e9tique et Orthopedic du Qu\u00e9bec","article_modified_time":"2025-10-29T17:51:02+00:00","og_image":[{"width":1200,"height":675,"url":"https:\/\/creoq.com\/wp-content\/uploads\/2024\/05\/creoq.jpg","type":"image\/jpeg"}],"twitter_card":"summary_large_image","twitter_misc":{"Est. reading time":"3 minutes"},"schema":{"@context":"https:\/\/schema.org","@graph":[{"@type":"WebPage","@id":"https:\/\/creoq.com\/fr\/rapport-annuel-pour-le-centre-de-reconstruction-esthetique-et-orthopedique-du-quebec\/","url":"https:\/\/creoq.com\/fr\/rapport-annuel-pour-le-centre-de-reconstruction-esthetique-et-orthopedique-du-quebec\/","name":"Rapport Annuel pour le Centre de Reconstruction Esth\u00e9tique et Orthop\u00e9dique du Qu\u00e9bec | Centre de Reconstruction Esth\u00e9tique et Orthopedic du Qu\u00e9bec","isPartOf":{"@id":"https:\/\/creoq.com\/fr\/#website"},"datePublished":"2025-10-29T16:31:46+00:00","dateModified":"2025-10-29T17:51:02+00:00","breadcrumb":{"@id":"https:\/\/creoq.com\/fr\/rapport-annuel-pour-le-centre-de-reconstruction-esthetique-et-orthopedique-du-quebec\/#breadcrumb"},"inLanguage":"fr-FR","potentialAction":[{"@type":"ReadAction","target":["https:\/\/creoq.com\/fr\/rapport-annuel-pour-le-centre-de-reconstruction-esthetique-et-orthopedique-du-quebec\/"]}]},{"@type":"BreadcrumbList","@id":"https:\/\/creoq.com\/fr\/rapport-annuel-pour-le-centre-de-reconstruction-esthetique-et-orthopedique-du-quebec\/#breadcrumb","itemListElement":[{"@type":"ListItem","position":1,"name":"Home","item":"https:\/\/creoq.com\/fr\/"},{"@type":"ListItem","position":2,"name":"Rapport Annuel pour le Centre de Reconstruction Esth\u00e9tique et Orthop\u00e9dique du Qu\u00e9bec"}]},{"@type":"WebSite","@id":"https:\/\/creoq.com\/fr\/#website","url":"https:\/\/creoq.com\/fr\/","name":"Centre de Reconstruction Esth\u00e9tique et Orthopedic du Qu\u00e9bec","description":"","potentialAction":[{"@type":"SearchAction","target":{"@type":"EntryPoint","urlTemplate":"https:\/\/creoq.com\/fr\/?s={search_term_string}"},"query-input":"required name=search_term_string"}],"inLanguage":"fr-FR"}]}},"_links":{"self":[{"href":"https:\/\/creoq.com\/fr\/wp-json\/wp\/v2\/pages\/640","targetHints":{"allow":["GET"]}}],"collection":[{"href":"https:\/\/creoq.com\/fr\/wp-json\/wp\/v2\/pages"}],"about":[{"href":"https:\/\/creoq.com\/fr\/wp-json\/wp\/v2\/types\/page"}],"author":[{"embeddable":true,"href":"https:\/\/creoq.com\/fr\/wp-json\/wp\/v2\/users\/3"}],"replies":[{"embeddable":true,"href":"https:\/\/creoq.com\/fr\/wp-json\/wp\/v2\/comments?post=640"}],"version-history":[{"count":2,"href":"https:\/\/creoq.com\/fr\/wp-json\/wp\/v2\/pages\/640\/revisions"}],"predecessor-version":[{"id":642,"href":"https:\/\/creoq.com\/fr\/wp-json\/wp\/v2\/pages\/640\/revisions\/642"}],"wp:attachment":[{"href":"https:\/\/creoq.com\/fr\/wp-json\/wp\/v2\/media?parent=640"}],"curies":[{"name":"wp","href":"https:\/\/api.w.org\/{rel}","templated":true}]}}