{"id":643,"date":"2025-10-29T16:46:34","date_gmt":"2025-10-29T16:46:34","guid":{"rendered":"https:\/\/creoq.com\/liste-de-prix\/"},"modified":"2025-10-29T17:53:23","modified_gmt":"2025-10-29T17:53:23","slug":"liste-de-prix","status":"publish","type":"page","link":"https:\/\/creoq.com\/fr\/liste-de-prix\/","title":{"rendered":"Liste de prix"},"content":{"rendered":"<section class=\"wpb-content-wrapper\"><p>[vc_row css_animation=&#8221;&#8221; row_type=&#8221;row&#8221; use_row_as_full_screen_section=&#8221;no&#8221; type=&#8221;grid&#8221; angled_section=&#8221;no&#8221; text_align=&#8221;left&#8221; background_image_as_pattern=&#8221;without_pattern&#8221; z_index=&#8221;&#8221;][vc_column][vc_column_text]<\/p>\n<h1 style=\"text-align: center;\"><strong>LISTE DE PRIX<\/strong><\/h1>\n<p style=\"text-align: center;\">(Pour les patients hors province et les patients corporatifs uniquement)<\/p>\n<p style=\"text-align: center;\">Veuillez nous contacter directement pour obtenir les prix d\u2019autres interventions ou un devis pr\u00e9cis en fonction de vos besoins.<\/p>\n<p style=\"text-align: center;\">Consultation virtuelle initiale avec un expert en chirurgie orthop\u00e9dique : 310$<br \/>\nConsultation en personne avec un expert en chirurgie orthop\u00e9dique : 310$<br \/>\nSuivi virtuel ou en personne : 180$<\/p>\n<p>[\/vc_column_text][vc_empty_space height=&#8221;75px&#8221;][vc_column_text]<\/p>\n<p style=\"font-size: 30px; text-align: center;\"><strong>PROC\u00c9DURES CHIRURGICALES<br \/>\n<\/strong><\/p>\n<p>[\/vc_column_text][\/vc_column][\/vc_row][vc_row css_animation=&#8221;&#8221; row_type=&#8221;row&#8221; use_row_as_full_screen_section=&#8221;no&#8221; type=&#8221;grid&#8221; angled_section=&#8221;no&#8221; text_align=&#8221;left&#8221; background_image_as_pattern=&#8221;without_pattern&#8221; z_index=&#8221;&#8221; el_class=&#8221;pricing_list_table&#8221; css=&#8221;.vc_custom_1761756772861{margin-top: -50px !important;}&#8221;][vc_column][vc_tabs style=&#8221;horizontal&#8221;][vc_tab title=&#8221;MEMBRE SUP\u00c9RIEURE&#8221; tab_id=&#8221;7b1ba3b8-a8f4-4&#8243;][vc_column_text]<\/p>\n<table>\n<tbody>\n<tr>\n<td>PROC\u00c9DURE CHIRURGICALE<\/td>\n<td>FOURCHETTE DE PRIX CAD<\/td>\n<\/tr>\n<tr>\n<td>Arthroscopie de l\u2019\u00e9paule avec instabilit\u00e9 ou r\u00e9paration des coiffes des rotateurs<\/td>\n<td>8000$ \u2013 16,000$<\/td>\n<\/tr>\n<tr>\n<td>Arthroplastie de l\u2019\u00e9paule (invers\u00e9 ou totale)<\/td>\n<td>25,000$<\/td>\n<\/tr>\n<tr>\n<td>Arthroscopie du coude<\/td>\n<td>6500$ \u2013 8000$<\/td>\n<\/tr>\n<tr>\n<td>Arthroscopie du poignet<\/td>\n<td>6500$ \u2013 8000$<\/td>\n<\/tr>\n<\/tbody>\n<\/table>\n<p>[\/vc_column_text][\/vc_tab][vc_tab title=&#8221;SPORTS&#8221; tab_id=&#8221;46d9722a-271e-3&#8243;][vc_column_text]<\/p>\n<table>\n<tbody>\n<tr>\n<td>PROC\u00c9DURE CHIRURGICALE<\/td>\n<td>FOURCHETTE DE PRIX CAD<\/td>\n<\/tr>\n<tr>\n<td>Reconstruction du LCA (ligament crois\u00e9 ant\u00e9rieur) \u2013 Adulte<\/td>\n<td>15,000$<\/td>\n<\/tr>\n<tr>\n<td>Reconstruction du LCA \u2013 P\u00e9diatrie<\/td>\n<td>17,500$<\/td>\n<\/tr>\n<tr>\n<td>Arthroscopie du genou et r\u00e9paration\/d\u00e9bridement m\u00e9niscal<\/td>\n<td>5500$ \u2013 8000$<\/td>\n<\/tr>\n<tr>\n<td>Reconstruction du MPFL (ligament f\u00e9moro-patellaire m\u00e9dial)<\/td>\n<td>19,000$<\/td>\n<\/tr>\n<tr>\n<td>R\u00e9alignement patello-f\u00e9moral<\/td>\n<td>15,000$ \u2013 21,000$<\/td>\n<\/tr>\n<tr>\n<td>Arthroscopie de la hanche pour conflit femoro-actetabulaire et d\u00e9chirure labrale<\/td>\n<td>20,500$<\/td>\n<\/tr>\n<\/tbody>\n<\/table>\n<p>[\/vc_column_text][\/vc_tab][vc_tab title=&#8221;PIED ET CHEVILLE&#8221; tab_id=&#8221;1761756295349-2-0&#8243;][vc_column_text]<\/p>\n<table>\n<tbody>\n<tr>\n<td>PROC\u00c9DURE CHIRURGICALE<\/td>\n<td>FOURCHETTE DE PRIX CAD<\/td>\n<\/tr>\n<tr>\n<td>Arthroscopie de la cheville<\/td>\n<td>6 500$ \u2013 10 000$<\/td>\n<\/tr>\n<tr>\n<td>Reconstruction ligamentaire de la cheville<\/td>\n<td>8 500$<\/td>\n<\/tr>\n<tr>\n<td>Chirurgie de correction de l\u2019oignon<\/td>\n<td>5 000$ \u2013 10 000$ (un ou deux pieds)<\/td>\n<\/tr>\n<tr>\n<td>Chirurgie de l\u2019avant-pied (orteils en marteau)<\/td>\n<td>4 000$ \u2013 8 000$ (un ou deux pieds)<\/td>\n<\/tr>\n<\/tbody>\n<\/table>\n<p>[\/vc_column_text][\/vc_tab][\/vc_tabs][\/vc_column][\/vc_row]<\/p>\n<\/section>","protected":false},"excerpt":{"rendered":"<p>[vc_row css_animation=&#8221;&#8221; row_type=&#8221;row&#8221; use_row_as_full_screen_section=&#8221;no&#8221; type=&#8221;grid&#8221; angled_section=&#8221;no&#8221; text_align=&#8221;left&#8221; background_image_as_pattern=&#8221;without_pattern&#8221; z_index=&#8221;&#8221;][vc_column][vc_column_text] LISTE DE PRIX (Pour les patients hors province et les patients corporatifs uniquement) Veuillez nous contacter directement pour obtenir les prix d\u2019autres interventions ou un devis pr\u00e9cis en fonction de vos besoins. Consultation virtuelle initiale avec&#8230;<\/p>\n","protected":false},"author":3,"featured_media":0,"parent":0,"menu_order":0,"comment_status":"closed","ping_status":"closed","template":"full_width.php","meta":{"footnotes":""},"class_list":["post-643","page","type-page","status-publish","hentry"],"acf":[],"yoast_head":"<!-- This site is optimized with the Yoast SEO plugin v22.8 - https:\/\/yoast.com\/wordpress\/plugins\/seo\/ -->\n<title>Liste de prix | Centre de Reconstruction Esth\u00e9tique et Orthopedic du Qu\u00e9bec<\/title>\n<meta name=\"robots\" content=\"index, follow, max-snippet:-1, max-image-preview:large, max-video-preview:-1\" \/>\n<link rel=\"canonical\" href=\"https:\/\/creoq.com\/fr\/liste-de-prix\/\" \/>\n<meta property=\"og:locale\" content=\"fr_FR\" \/>\n<meta property=\"og:type\" content=\"article\" \/>\n<meta property=\"og:title\" content=\"Liste de prix | Centre de Reconstruction Esth\u00e9tique et Orthopedic du Qu\u00e9bec\" \/>\n<meta property=\"og:description\" content=\"[vc_row css_animation=&#8221;&#8221; row_type=&#8221;row&#8221; use_row_as_full_screen_section=&#8221;no&#8221; type=&#8221;grid&#8221; angled_section=&#8221;no&#8221; text_align=&#8221;left&#8221; background_image_as_pattern=&#8221;without_pattern&#8221; z_index=&#8221;&#8221;][vc_column][vc_column_text] LISTE DE PRIX (Pour les patients hors province et les patients corporatifs uniquement) Veuillez nous contacter directement pour obtenir les prix d\u2019autres interventions ou un devis pr\u00e9cis en fonction de vos besoins. Consultation virtuelle initiale avec...\" \/>\n<meta property=\"og:url\" content=\"https:\/\/creoq.com\/fr\/liste-de-prix\/\" \/>\n<meta property=\"og:site_name\" content=\"Centre de Reconstruction Esth\u00e9tique et Orthopedic du Qu\u00e9bec\" \/>\n<meta property=\"article:modified_time\" content=\"2025-10-29T17:53:23+00:00\" \/>\n<meta property=\"og:image\" content=\"https:\/\/creoq.com\/wp-content\/uploads\/2024\/05\/creoq.jpg\" \/>\n\t<meta property=\"og:image:width\" content=\"1200\" \/>\n\t<meta property=\"og:image:height\" content=\"675\" \/>\n\t<meta property=\"og:image:type\" content=\"image\/jpeg\" \/>\n<meta name=\"twitter:card\" content=\"summary_large_image\" \/>\n<meta name=\"twitter:label1\" content=\"Est. reading time\" \/>\n\t<meta name=\"twitter:data1\" content=\"2 minutes\" \/>\n<script type=\"application\/ld+json\" class=\"yoast-schema-graph\">{\"@context\":\"https:\/\/schema.org\",\"@graph\":[{\"@type\":\"WebPage\",\"@id\":\"https:\/\/creoq.com\/fr\/liste-de-prix\/\",\"url\":\"https:\/\/creoq.com\/fr\/liste-de-prix\/\",\"name\":\"Liste de prix | Centre de Reconstruction Esth\u00e9tique et Orthopedic du Qu\u00e9bec\",\"isPartOf\":{\"@id\":\"https:\/\/creoq.com\/fr\/#website\"},\"datePublished\":\"2025-10-29T16:46:34+00:00\",\"dateModified\":\"2025-10-29T17:53:23+00:00\",\"breadcrumb\":{\"@id\":\"https:\/\/creoq.com\/fr\/liste-de-prix\/#breadcrumb\"},\"inLanguage\":\"fr-FR\",\"potentialAction\":[{\"@type\":\"ReadAction\",\"target\":[\"https:\/\/creoq.com\/fr\/liste-de-prix\/\"]}]},{\"@type\":\"BreadcrumbList\",\"@id\":\"https:\/\/creoq.com\/fr\/liste-de-prix\/#breadcrumb\",\"itemListElement\":[{\"@type\":\"ListItem\",\"position\":1,\"name\":\"Home\",\"item\":\"https:\/\/creoq.com\/fr\/\"},{\"@type\":\"ListItem\",\"position\":2,\"name\":\"Liste de prix\"}]},{\"@type\":\"WebSite\",\"@id\":\"https:\/\/creoq.com\/fr\/#website\",\"url\":\"https:\/\/creoq.com\/fr\/\",\"name\":\"Centre de Reconstruction Esth\u00e9tique et Orthopedic du Qu\u00e9bec\",\"description\":\"\",\"potentialAction\":[{\"@type\":\"SearchAction\",\"target\":{\"@type\":\"EntryPoint\",\"urlTemplate\":\"https:\/\/creoq.com\/fr\/?s={search_term_string}\"},\"query-input\":\"required name=search_term_string\"}],\"inLanguage\":\"fr-FR\"}]}<\/script>\n<!-- \/ Yoast SEO plugin. -->","yoast_head_json":{"title":"Liste de prix | Centre de Reconstruction Esth\u00e9tique et Orthopedic du Qu\u00e9bec","robots":{"index":"index","follow":"follow","max-snippet":"max-snippet:-1","max-image-preview":"max-image-preview:large","max-video-preview":"max-video-preview:-1"},"canonical":"https:\/\/creoq.com\/fr\/liste-de-prix\/","og_locale":"fr_FR","og_type":"article","og_title":"Liste de prix | Centre de Reconstruction Esth\u00e9tique et Orthopedic du Qu\u00e9bec","og_description":"[vc_row css_animation=&#8221;&#8221; row_type=&#8221;row&#8221; use_row_as_full_screen_section=&#8221;no&#8221; type=&#8221;grid&#8221; angled_section=&#8221;no&#8221; text_align=&#8221;left&#8221; background_image_as_pattern=&#8221;without_pattern&#8221; z_index=&#8221;&#8221;][vc_column][vc_column_text] LISTE DE PRIX (Pour les patients hors province et les patients corporatifs uniquement) Veuillez nous contacter directement pour obtenir les prix d\u2019autres interventions ou un devis pr\u00e9cis en fonction de vos besoins. Consultation virtuelle initiale avec...","og_url":"https:\/\/creoq.com\/fr\/liste-de-prix\/","og_site_name":"Centre de Reconstruction Esth\u00e9tique et Orthopedic du Qu\u00e9bec","article_modified_time":"2025-10-29T17:53:23+00:00","og_image":[{"width":1200,"height":675,"url":"https:\/\/creoq.com\/wp-content\/uploads\/2024\/05\/creoq.jpg","type":"image\/jpeg"}],"twitter_card":"summary_large_image","twitter_misc":{"Est. reading time":"2 minutes"},"schema":{"@context":"https:\/\/schema.org","@graph":[{"@type":"WebPage","@id":"https:\/\/creoq.com\/fr\/liste-de-prix\/","url":"https:\/\/creoq.com\/fr\/liste-de-prix\/","name":"Liste de prix | Centre de Reconstruction Esth\u00e9tique et Orthopedic du Qu\u00e9bec","isPartOf":{"@id":"https:\/\/creoq.com\/fr\/#website"},"datePublished":"2025-10-29T16:46:34+00:00","dateModified":"2025-10-29T17:53:23+00:00","breadcrumb":{"@id":"https:\/\/creoq.com\/fr\/liste-de-prix\/#breadcrumb"},"inLanguage":"fr-FR","potentialAction":[{"@type":"ReadAction","target":["https:\/\/creoq.com\/fr\/liste-de-prix\/"]}]},{"@type":"BreadcrumbList","@id":"https:\/\/creoq.com\/fr\/liste-de-prix\/#breadcrumb","itemListElement":[{"@type":"ListItem","position":1,"name":"Home","item":"https:\/\/creoq.com\/fr\/"},{"@type":"ListItem","position":2,"name":"Liste de prix"}]},{"@type":"WebSite","@id":"https:\/\/creoq.com\/fr\/#website","url":"https:\/\/creoq.com\/fr\/","name":"Centre de Reconstruction Esth\u00e9tique et Orthopedic du Qu\u00e9bec","description":"","potentialAction":[{"@type":"SearchAction","target":{"@type":"EntryPoint","urlTemplate":"https:\/\/creoq.com\/fr\/?s={search_term_string}"},"query-input":"required name=search_term_string"}],"inLanguage":"fr-FR"}]}},"_links":{"self":[{"href":"https:\/\/creoq.com\/fr\/wp-json\/wp\/v2\/pages\/643","targetHints":{"allow":["GET"]}}],"collection":[{"href":"https:\/\/creoq.com\/fr\/wp-json\/wp\/v2\/pages"}],"about":[{"href":"https:\/\/creoq.com\/fr\/wp-json\/wp\/v2\/types\/page"}],"author":[{"embeddable":true,"href":"https:\/\/creoq.com\/fr\/wp-json\/wp\/v2\/users\/3"}],"replies":[{"embeddable":true,"href":"https:\/\/creoq.com\/fr\/wp-json\/wp\/v2\/comments?post=643"}],"version-history":[{"count":2,"href":"https:\/\/creoq.com\/fr\/wp-json\/wp\/v2\/pages\/643\/revisions"}],"predecessor-version":[{"id":645,"href":"https:\/\/creoq.com\/fr\/wp-json\/wp\/v2\/pages\/643\/revisions\/645"}],"wp:attachment":[{"href":"https:\/\/creoq.com\/fr\/wp-json\/wp\/v2\/media?parent=643"}],"curies":[{"name":"wp","href":"https:\/\/api.w.org\/{rel}","templated":true}]}}